{"id":88,"date":"2024-09-03T20:16:05","date_gmt":"2024-09-03T20:16:05","guid":{"rendered":"https:\/\/sawubona.ch\/?page_id=88"},"modified":"2025-07-24T11:09:06","modified_gmt":"2025-07-24T11:09:06","slug":"themen","status":"publish","type":"page","link":"https:\/\/sawubona.ch\/?page_id=88","title":{"rendered":"Themen"},"content":{"rendered":"<p>[et_pb_section fb_built=&#8220;1&#8243; _builder_version=&#8220;4.27.0&#8243; _module_preset=&#8220;default&#8220; global_colors_info=&#8220;{}&#8220;][et_pb_row _builder_version=&#8220;4.27.0&#8243; _module_preset=&#8220;default&#8220; global_colors_info=&#8220;{}&#8220;][et_pb_column type=&#8220;4_4&#8243; _builder_version=&#8220;4.27.0&#8243; _module_preset=&#8220;default&#8220; global_colors_info=&#8220;{}&#8220;][et_pb_text _builder_version=&#8220;4.27.0&#8243; _module_preset=&#8220;default&#8220; text_font=&#8220;Roboto|500|||||||&#8220; text_text_color=&#8220;#8A912C&#8220; text_font_size=&#8220;60px&#8220; text_orientation=&#8220;center&#8220; global_colors_info=&#8220;{}&#8220;]<\/p>\n<p style=\"text-align: left;\">Themen<\/p>\n<p>[\/et_pb_text][\/et_pb_column][\/et_pb_row][\/et_pb_section][et_pb_section fb_built=&#8220;1&#8243; _builder_version=&#8220;4.27.0&#8243; _module_preset=&#8220;default&#8220; global_colors_info=&#8220;{}&#8220;][et_pb_row _builder_version=&#8220;4.27.0&#8243; _module_preset=&#8220;default&#8220; global_colors_info=&#8220;{}&#8220;][et_pb_column type=&#8220;4_4&#8243; _builder_version=&#8220;4.27.0&#8243; _module_preset=&#8220;default&#8220; global_colors_info=&#8220;{}&#8220;][et_pb_image src=&#8220;https:\/\/sawubona.ch\/wp-content\/uploads\/2024\/09\/Sawubona-wordcloud-2024.png&#8220; title_text=&#8220;Sawubona-wordcloud-2024&#8243; align=&#8220;center&#8220; _builder_version=&#8220;4.27.0&#8243; _module_preset=&#8220;default&#8220; global_colors_info=&#8220;{}&#8220;][\/et_pb_image][\/et_pb_column][\/et_pb_row][\/et_pb_section][et_pb_section fb_built=&#8220;1&#8243; _builder_version=&#8220;4.27.0&#8243; _module_preset=&#8220;default&#8220; global_colors_info=&#8220;{}&#8220;][et_pb_row column_structure=&#8220;1_2,1_2&#8243; _builder_version=&#8220;4.27.0&#8243; _module_preset=&#8220;default&#8220; global_colors_info=&#8220;{}&#8220;][et_pb_column type=&#8220;1_2&#8243; _builder_version=&#8220;4.27.0&#8243; _module_preset=&#8220;default&#8220; global_colors_info=&#8220;{}&#8220;][et_pb_text _builder_version=&#8220;4.27.4&#8243; _module_preset=&#8220;default&#8220; text_font=&#8220;Roboto|500|||||||&#8220; text_text_color=&#8220;#8A912C&#8220; text_font_size=&#8220;28px&#8220; global_colors_info=&#8220;{}&#8220;]<\/p>\n<p>Artificial Intelligence<\/p>\n<p>[\/et_pb_text][et_pb_text _builder_version=&#8220;4.27.4&#8243; _module_preset=&#8220;default&#8220; text_font=&#8220;Roboto|300|||||||&#8220; text_text_color=&#8220;#8A912C&#8220; global_colors_info=&#8220;{}&#8220;]<\/p>\n<p data-id=\"vtp11gu0plmo\" data-pm-slice=\"1 1 []\">Artificial Intelligence (K\u00fcnstliche Intelligenz) ist ein Teilgebiet der Informatik, das sich auf die Entwicklung fortschrittlicher, intelligenter Systeme konzentriert. Derartige Systeme sind darauf ausgelegt, Aufgaben zu erf\u00fcllen, die normalerweise menschliche Intelligenz erfordern, bspw. Lernen aus Erfahrungen, Erkennen komplexer Muster, eigenst\u00e4ndiges Probleml\u00f6sen.<\/p>\n<p data-id=\"vtp11gu0plmo\" data-pm-slice=\"1 1 []\">Zu den Kerntechnologien der K\u00fcnstlichen Intelligenz z\u00e4hlen Maschinelles Lernen, Deep Learning, wissensbasierte und regelbasierte Systeme, Robotik u.a.<\/p>\n<p>[\/et_pb_text][\/et_pb_column][et_pb_column type=&#8220;1_2&#8243; _builder_version=&#8220;4.27.0&#8243; _module_preset=&#8220;default&#8220; global_colors_info=&#8220;{}&#8220;][et_pb_image src=&#8220;https:\/\/sawubona.ch\/wp-content\/uploads\/2025\/07\/02MCGRATH-superJumbo-v2.jpg&#8220; title_text=&#8220;02MCGRATH-superJumbo-v2&#8243; _builder_version=&#8220;4.27.4&#8243; _module_preset=&#8220;default&#8220; global_colors_info=&#8220;{}&#8220;][\/et_pb_image][\/et_pb_column][\/et_pb_row][\/et_pb_section][et_pb_section fb_built=&#8220;1&#8243; _builder_version=&#8220;4.27.0&#8243; _module_preset=&#8220;default&#8220; global_colors_info=&#8220;{}&#8220;][et_pb_row column_structure=&#8220;1_2,1_2&#8243; _builder_version=&#8220;4.27.0&#8243; _module_preset=&#8220;default&#8220; global_colors_info=&#8220;{}&#8220;][et_pb_column type=&#8220;1_2&#8243; _builder_version=&#8220;4.27.0&#8243; _module_preset=&#8220;default&#8220; global_colors_info=&#8220;{}&#8220;][et_pb_image src=&#8220;https:\/\/sawubona.ch\/wp-content\/uploads\/2021\/01\/server-room-ict-information-communication-technology-wireless-internet-connection-big-data-processing-center-iot-internet-180704349.jpg&#8220; title_text=&#8220;server-room-ict-information-communication-technology-wireless-internet-connection-big-data-processing-center-iot-internet-180704349&#8243; _builder_version=&#8220;4.27.0&#8243; _module_preset=&#8220;default&#8220; global_colors_info=&#8220;{}&#8220;][\/et_pb_image][\/et_pb_column][et_pb_column type=&#8220;1_2&#8243; _builder_version=&#8220;4.27.0&#8243; _module_preset=&#8220;default&#8220; global_colors_info=&#8220;{}&#8220;][et_pb_text _builder_version=&#8220;4.27.0&#8243; _module_preset=&#8220;default&#8220; text_font=&#8220;Roboto|500|||||||&#8220; text_text_color=&#8220;#008196&#8243; text_font_size=&#8220;28px&#8220; global_colors_info=&#8220;{}&#8220;]<\/p>\n<p>Machine Learning<\/p>\n<p>[\/et_pb_text][et_pb_text _builder_version=&#8220;4.27.0&#8243; _module_preset=&#8220;default&#8220; text_font=&#8220;Roboto|300|||||||&#8220; text_text_color=&#8220;#008196&#8243; global_colors_info=&#8220;{}&#8220;]<\/p>\n<p><span>Machine Learning (ML) ist ein Teilbereich der k\u00fcnstlichen Intelligenz (KI), der es Computern erm\u00f6glicht, aus Daten zu lernen, ohne explizit programmiert zu werden. Anstatt spezifische Anweisungen zu erhalten, werden ML-Modelle mit gro\u00dfen Datens\u00e4tzen trainiert, um Muster und Beziehungen zu erkennen. Diese erlernten Muster k\u00f6nnen dann verwendet werden, um Vorhersagen zu treffen, Entscheidungen zu treffen oder Aufgaben zu automatisieren.<\/span><\/p>\n<p>[\/et_pb_text][\/et_pb_column][\/et_pb_row][\/et_pb_section][et_pb_section fb_built=&#8220;1&#8243; _builder_version=&#8220;4.27.0&#8243; _module_preset=&#8220;default&#8220; global_colors_info=&#8220;{}&#8220;][et_pb_row column_structure=&#8220;1_2,1_2&#8243; _builder_version=&#8220;4.27.0&#8243; _module_preset=&#8220;default&#8220; global_colors_info=&#8220;{}&#8220;][et_pb_column type=&#8220;1_2&#8243; _builder_version=&#8220;4.27.0&#8243; _module_preset=&#8220;default&#8220; global_colors_info=&#8220;{}&#8220;][et_pb_text _builder_version=&#8220;4.27.0&#8243; _module_preset=&#8220;default&#8220; text_font=&#8220;Roboto|500|||||||&#8220; text_text_color=&#8220;#8A912C&#8220; text_font_size=&#8220;28px&#8220; global_colors_info=&#8220;{}&#8220;]<\/p>\n<p>Data Science<\/p>\n<p>[\/et_pb_text][et_pb_text _builder_version=&#8220;4.27.0&#8243; _module_preset=&#8220;default&#8220; text_font=&#8220;Roboto|300|||||||&#8220; text_text_color=&#8220;#8A912C&#8220; global_colors_info=&#8220;{}&#8220;]<\/p>\n<p>Data Science ist ein interdisziplin\u00e4res Feld, das sich mit der Extraktion von Wissen und Erkenntnissen aus Daten besch\u00e4ftigt. Es kombiniert Techniken aus verschiedenen Bereichen wie Statistik, Informatik, Mathematik und Dom\u00e4nenexpertise, um Daten zu analysieren, zu interpretieren und daraus Erkenntnisse zu gewinnen.<\/p>\n<p>Im Wesentlichen geht es darum, Daten in wertvolle Informationen umzuwandeln, die Entscheidungen verbessern, neue Erkenntnisse liefern und innovative L\u00f6sungen erm\u00f6glichen.<\/p>\n<p>[\/et_pb_text][\/et_pb_column][et_pb_column type=&#8220;1_2&#8243; _builder_version=&#8220;4.27.0&#8243; _module_preset=&#8220;default&#8220; global_colors_info=&#8220;{}&#8220;][et_pb_image src=&#8220;https:\/\/sawubona.ch\/wp-content\/uploads\/2021\/01\/roman-mager-5mZ_M06Fc9g-unsplash-scaled.jpg&#8220; title_text=&#8220;roman-mager-5mZ_M06Fc9g-unsplash&#8220; _builder_version=&#8220;4.27.0&#8243; _module_preset=&#8220;default&#8220; global_colors_info=&#8220;{}&#8220;][\/et_pb_image][\/et_pb_column][\/et_pb_row][\/et_pb_section][et_pb_section fb_built=&#8220;1&#8243; _builder_version=&#8220;4.27.0&#8243; _module_preset=&#8220;default&#8220; global_colors_info=&#8220;{}&#8220;][et_pb_row column_structure=&#8220;1_2,1_2&#8243; _builder_version=&#8220;4.27.0&#8243; _module_preset=&#8220;default&#8220; global_colors_info=&#8220;{}&#8220;][et_pb_column type=&#8220;1_2&#8243; _builder_version=&#8220;4.27.0&#8243; _module_preset=&#8220;default&#8220; global_colors_info=&#8220;{}&#8220;][et_pb_image src=&#8220;https:\/\/sawubona.ch\/wp-content\/uploads\/2021\/01\/1_InkDGMKEWTN6uwUbE56VvA.jpeg&#8220; title_text=&#8220;1_InkDGMKEWTN6uwUbE56VvA&#8220; _builder_version=&#8220;4.27.0&#8243; _module_preset=&#8220;default&#8220; global_colors_info=&#8220;{}&#8220;][\/et_pb_image][\/et_pb_column][et_pb_column type=&#8220;1_2&#8243; _builder_version=&#8220;4.27.0&#8243; _module_preset=&#8220;default&#8220; global_colors_info=&#8220;{}&#8220;][et_pb_text _builder_version=&#8220;4.27.0&#8243; _module_preset=&#8220;default&#8220; text_font=&#8220;Roboto|500|||||||&#8220; text_text_color=&#8220;#008196&#8243; text_font_size=&#8220;28px&#8220; global_colors_info=&#8220;{}&#8220;]<\/p>\n<p>Big Data<\/p>\n<p>[\/et_pb_text][et_pb_text _builder_version=&#8220;4.27.4&#8243; _module_preset=&#8220;default&#8220; text_font=&#8220;Roboto|300|||||||&#8220; text_text_color=&#8220;#008196&#8243; hover_enabled=&#8220;0&#8243; global_colors_info=&#8220;{}&#8220; sticky_enabled=&#8220;0&#8243;]<\/p>\n<p data-id=\"ir2olku1s5io\" data-pm-slice=\"1 1 []\">Big Data-Technologie umfasst fortschrittliche Methoden und Tools zur Verarbeitung, Speicherung und Analyse enormer Datenmengen mit variabler Struktur. Diese Datenvolumina sind hinsichtlich Gr\u00f6\u00dfe, Komplexit\u00e4t oder \u00c4nderungsrate so herausfordernd, dass herk\u00f6mmliche Datenbanksysteme an ihre Grenzen sto\u00dfen. Zu den etablierten Technologien z\u00e4hlen unter anderem Hadoop, NoSQL-Datenbanken sowie Plattformen f\u00fcr Echtzeitanalysen.<\/p>\n<p data-id=\"ir2olku1s5io\" data-pm-slice=\"1 1 []\">Das prim\u00e4re Ziel von Big Data besteht darin, verborgene Muster, Trends und Zusammenh\u00e4nge zu identifizieren, um fundierte und datenbasierte Entscheidungen zu erm\u00f6glichen.<\/p>\n<p>[\/et_pb_text][\/et_pb_column][\/et_pb_row][\/et_pb_section][et_pb_section fb_built=&#8220;1&#8243; _builder_version=&#8220;4.27.0&#8243; _module_preset=&#8220;default&#8220; global_colors_info=&#8220;{}&#8220;][et_pb_row column_structure=&#8220;1_2,1_2&#8243; _builder_version=&#8220;4.27.0&#8243; _module_preset=&#8220;default&#8220; global_colors_info=&#8220;{}&#8220;][et_pb_column type=&#8220;1_2&#8243; _builder_version=&#8220;4.27.0&#8243; _module_preset=&#8220;default&#8220; global_colors_info=&#8220;{}&#8220;][et_pb_text _builder_version=&#8220;4.27.4&#8243; _module_preset=&#8220;default&#8220; text_font=&#8220;Roboto|500|||||||&#8220; text_text_color=&#8220;#8A912C&#8220; text_font_size=&#8220;28px&#8220; global_colors_info=&#8220;{}&#8220;]<\/p>\n<p>Internet of Things (IoT)<\/p>\n<p>[\/et_pb_text][et_pb_text _builder_version=&#8220;4.27.4&#8243; _module_preset=&#8220;default&#8220; text_font=&#8220;Roboto|300|||||||&#8220; text_text_color=&#8220;#8A912C&#8220; global_colors_info=&#8220;{}&#8220;]<\/p>\n<p data-id=\"k4kr1vu1n7es\" data-pm-slice=\"1 1 []\">Das Internet of Things (IoT) bezeichnet die umfassende Vernetzung physischer Ger\u00e4te wie Sensoren, Haushaltsger\u00e4te, Fahrzeuge und industrielle Maschinen \u00fcber das Internet. Diese intelligenten Ger\u00e4te k\u00f6nnen untereinander kommunizieren, Daten in Echtzeit austauschen und oftmals eigenst\u00e4ndig Entscheidungen treffen oder Prozesse steuern.<\/p>\n<p data-id=\"k4kr1vu1n7es\" data-pm-slice=\"1 1 []\">Das Hauptziel des IoT ist es, betriebliche Abl\u00e4ufe zu optimieren, Ressourcen effizienter zu nutzen und innovative L\u00f6sungen f\u00fcr mehr Komfort sowie neue Gesch\u00e4ftsm\u00f6glichkeiten zu erm\u00f6glichen.<\/p>\n<p>[\/et_pb_text][\/et_pb_column][et_pb_column type=&#8220;1_2&#8243; _builder_version=&#8220;4.27.0&#8243; _module_preset=&#8220;default&#8220; global_colors_info=&#8220;{}&#8220;][et_pb_image src=&#8220;https:\/\/sawubona.ch\/wp-content\/uploads\/2021\/01\/647875454.jpg&#8220; title_text=&#8220;Network City Digital Connection Technology Concept&#8220; _builder_version=&#8220;4.27.0&#8243; _module_preset=&#8220;default&#8220; global_colors_info=&#8220;{}&#8220;][\/et_pb_image][\/et_pb_column][\/et_pb_row][\/et_pb_section][et_pb_section fb_built=&#8220;1&#8243; _builder_version=&#8220;4.27.0&#8243; _module_preset=&#8220;default&#8220; global_colors_info=&#8220;{}&#8220;][et_pb_row column_structure=&#8220;1_2,1_2&#8243; _builder_version=&#8220;4.27.0&#8243; _module_preset=&#8220;default&#8220; global_colors_info=&#8220;{}&#8220;][et_pb_column type=&#8220;1_2&#8243; _builder_version=&#8220;4.27.0&#8243; _module_preset=&#8220;default&#8220; global_colors_info=&#8220;{}&#8220;][et_pb_image src=&#8220;https:\/\/sawubona.ch\/wp-content\/uploads\/2025\/07\/shubham-dhage-WjVHp7heLWw-unsplash.jpg&#8220; alt=&#8220;Blockchain&#8220; title_text=&#8220;Blockchain&#8220; _builder_version=&#8220;4.27.4&#8243; _module_preset=&#8220;default&#8220; global_colors_info=&#8220;{}&#8220;][\/et_pb_image][\/et_pb_column][et_pb_column type=&#8220;1_2&#8243; _builder_version=&#8220;4.27.0&#8243; _module_preset=&#8220;default&#8220; global_colors_info=&#8220;{}&#8220;][et_pb_text _builder_version=&#8220;4.27.4&#8243; _module_preset=&#8220;default&#8220; text_font=&#8220;Roboto|500|||||||&#8220; text_text_color=&#8220;#008196&#8243; text_font_size=&#8220;28px&#8220; global_colors_info=&#8220;{}&#8220;]<\/p>\n<p>Blockchain<\/p>\n<p>[\/et_pb_text][et_pb_text _builder_version=&#8220;4.27.4&#8243; _module_preset=&#8220;default&#8220; text_font=&#8220;Roboto|300|||||||&#8220; text_text_color=&#8220;#008196&#8243; global_colors_info=&#8220;{}&#8220;]<\/p>\n<p data-id=\"9c3lk4u1itif\" data-pm-slice=\"1 1 []\">Blockchain-Technologie ist ein dezentrales, digitales System zur sicheren Speicherung und \u00dcbertragung von Daten. Sie basiert auf einer verketteten Abfolge von Datenbl\u00f6cken, in denen Transaktionen fortlaufend, transparent und manipulationssicher dokumentiert werden. Im Gegensatz zu herk\u00f6mmlichen Datenbanksystemen existiert keine zentrale Kontrollinstanz; stattdessen wird das Netzwerk gemeinschaftlich von zahlreichen Computern verwaltet.<\/p>\n<p data-id=\"9c3lk4u1itif\" data-pm-slice=\"1 1 []\">Die auf einer Blockchain gespeicherten Informationen sind f\u00fcr alle Teilnehmer einsehbar, nachvollziehbar und nahezu f\u00e4lschungssicher, da jede \u00c4nderung durch die Konsensbildung der Mehrheit des Netzwerks best\u00e4tigt werden muss.<\/p>\n<p>[\/et_pb_text][\/et_pb_column][\/et_pb_row][\/et_pb_section]<\/p>\n","protected":false},"excerpt":{"rendered":"<p>ThemenArtificial IntelligenceArtificial Intelligence (K\u00fcnstliche Intelligenz) ist ein Teilgebiet der Informatik, das sich auf die Entwicklung fortschrittlicher, intelligenter Systeme konzentriert. Derartige Systeme sind darauf ausgelegt, Aufgaben zu erf\u00fcllen, die normalerweise menschliche Intelligenz erfordern, bspw. Lernen aus Erfahrungen, Erkennen komplexer Muster, eigenst\u00e4ndiges Probleml\u00f6sen. Zu den Kerntechnologien der K\u00fcnstlichen Intelligenz z\u00e4hlen Maschinelles Lernen, Deep Learning, wissensbasierte und regelbasierte [&hellip;]<\/p>\n","protected":false},"author":1,"featured_media":0,"parent":13,"menu_order":0,"comment_status":"closed","ping_status":"closed","template":"","meta":{"_et_pb_use_builder":"on","_et_pb_old_content":"","_et_gb_content_width":"","iawp_total_views":19,"footnotes":""},"class_list":["post-88","page","type-page","status-publish","hentry"],"jetpack_sharing_enabled":true,"_links":{"self":[{"href":"https:\/\/sawubona.ch\/index.php?rest_route=\/wp\/v2\/pages\/88","targetHints":{"allow":["GET"]}}],"collection":[{"href":"https:\/\/sawubona.ch\/index.php?rest_route=\/wp\/v2\/pages"}],"about":[{"href":"https:\/\/sawubona.ch\/index.php?rest_route=\/wp\/v2\/types\/page"}],"author":[{"embeddable":true,"href":"https:\/\/sawubona.ch\/index.php?rest_route=\/wp\/v2\/users\/1"}],"replies":[{"embeddable":true,"href":"https:\/\/sawubona.ch\/index.php?rest_route=%2Fwp%2Fv2%2Fcomments&post=88"}],"version-history":[{"count":15,"href":"https:\/\/sawubona.ch\/index.php?rest_route=\/wp\/v2\/pages\/88\/revisions"}],"predecessor-version":[{"id":274,"href":"https:\/\/sawubona.ch\/index.php?rest_route=\/wp\/v2\/pages\/88\/revisions\/274"}],"up":[{"embeddable":true,"href":"https:\/\/sawubona.ch\/index.php?rest_route=\/wp\/v2\/pages\/13"}],"wp:attachment":[{"href":"https:\/\/sawubona.ch\/index.php?rest_route=%2Fwp%2Fv2%2Fmedia&parent=88"}],"curies":[{"name":"wp","href":"https:\/\/api.w.org\/{rel}","templated":true}]}}