{"id":332,"date":"2025-07-24T18:29:02","date_gmt":"2025-07-24T18:29:02","guid":{"rendered":"https:\/\/sawubona.ch\/?page_id=332"},"modified":"2025-07-25T14:52:23","modified_gmt":"2025-07-25T14:52:23","slug":"videos","status":"publish","type":"page","link":"https:\/\/sawubona.ch\/?page_id=332","title":{"rendered":"Videos"},"content":{"rendered":"<p>[et_pb_section fb_built=&#8220;1&#8243; _builder_version=&#8220;4.27.0&#8243; _module_preset=&#8220;default&#8220; global_colors_info=&#8220;{}&#8220;][et_pb_row _builder_version=&#8220;4.27.0&#8243; _module_preset=&#8220;default&#8220; global_colors_info=&#8220;{}&#8220;][et_pb_column type=&#8220;4_4&#8243; _builder_version=&#8220;4.27.0&#8243; _module_preset=&#8220;default&#8220; global_colors_info=&#8220;{}&#8220;][et_pb_text _builder_version=&#8220;4.27.4&#8243; _module_preset=&#8220;default&#8220; text_font=&#8220;Roboto|500|||||||&#8220; text_text_color=&#8220;#8A912C&#8220; text_font_size=&#8220;60px&#8220; text_orientation=&#8220;center&#8220; global_colors_info=&#8220;{}&#8220;]<\/p>\n<p style=\"text-align: left;\">Video &#8211; Vodcast- Demos<\/p>\n<p>[\/et_pb_text][\/et_pb_column][\/et_pb_row][\/et_pb_section][et_pb_section fb_built=&#8220;1&#8243; specialty=&#8220;on&#8220; _builder_version=&#8220;4.27.4&#8243; _module_preset=&#8220;default&#8220; global_colors_info=&#8220;{}&#8220;][et_pb_column type=&#8220;1_2&#8243; _builder_version=&#8220;4.16&#8243; custom_padding=&#8220;|||&#8220; global_colors_info=&#8220;{}&#8220; custom_padding__hover=&#8220;|||&#8220;][et_pb_image src=&#8220;https:\/\/sawubona.ch\/wp-content\/uploads\/2025\/07\/CAS-BIA10_MODUL_AnalyzingData_Teil-III-AddOn_TextMining_V1_Juli2019_DBenninger.png&#8220; alt=&#8220;CAS BIA10 &#8211; AddOn Textmining&#8220; title_text=&#8220;CAS-BIA10_MODUL_AnalyzingData_Teil-III-AddOn_TextMining_V1_Juli2019_DBenninger&#8220; url=&#8220;https:\/\/vimeo.com\/showcase\/8616949&#8243; url_new_window=&#8220;on&#8220; _builder_version=&#8220;4.27.4&#8243; _module_preset=&#8220;default&#8220; global_colors_info=&#8220;{}&#8220;][\/et_pb_image][et_pb_divider _builder_version=&#8220;4.27.4&#8243; _module_preset=&#8220;default&#8220; global_colors_info=&#8220;{}&#8220;][\/et_pb_divider][et_pb_text _builder_version=&#8220;4.27.4&#8243; _module_preset=&#8220;default&#8220; global_colors_info=&#8220;{}&#8220;]<\/p>\n<p><strong>Quelle:<\/strong> Spezialkurs zu &#8222;Text Mining&#8220; im CAS Business Intelligence and Analytics (CAS BIA10) von Dr. Daniel Benninger, Hochschule Luzern &#8211; Informatik<\/p>\n<p><strong>Datum: <\/strong>Fr\u00fchjahr 2020<\/p>\n<p>[\/et_pb_text][et_pb_divider _builder_version=&#8220;4.27.4&#8243; _module_preset=&#8220;default&#8220; global_colors_info=&#8220;{}&#8220;][\/et_pb_divider][et_pb_testimonial author=&#8220;Dr. Daniel Benninger \/ CAS BIA10&#8243; portrait_url=&#8220;https:\/\/sawubona.ch\/wp-content\/uploads\/2025\/07\/micah-boswell-00nHr1Lpq6w-unsplash-scaled.jpg&#8220; _builder_version=&#8220;4.27.4&#8243; _module_preset=&#8220;default&#8220; background_color=&#8220;#8A912C&#8220; width=&#8220;101.2%&#8220; custom_margin=&#8220;|-582px||||&#8220; global_colors_info=&#8220;{}&#8220;]<\/p>\n<p><span style=\"color: #ffffff;\">Text Mining ist die automatische Analyse grosser Mengen unstrukturierter Texte, um n\u00fctzliche Informationen, Muster oder Zusammenh\u00e4nge zu erkennen. Es kombiniert Methoden aus der Linguistik, Informatik und Statistik.<\/span><\/p>\n<p><span style=\"color: #ffff00;\">Kurz: Text Mining \u201eversteht\u201d Texte und erkennt darin Muster oder Wissen.<br \/><\/span><\/p>\n<p><span style=\"color: #ffff00;\"><\/span><\/p>\n<p>[\/et_pb_testimonial][\/et_pb_column][et_pb_column type=&#8220;1_2&#8243; specialty_columns=&#8220;2&#8243; _builder_version=&#8220;4.16&#8243; custom_padding=&#8220;|||&#8220; global_colors_info=&#8220;{}&#8220; custom_padding__hover=&#8220;|||&#8220;][et_pb_row_inner _builder_version=&#8220;4.27.4&#8243; _module_preset=&#8220;default&#8220; global_colors_info=&#8220;{}&#8220;][et_pb_column_inner saved_specialty_column_type=&#8220;1_2&#8243; _builder_version=&#8220;4.27.4&#8243; _module_preset=&#8220;default&#8220; global_colors_info=&#8220;{}&#8220;][et_pb_accordion _builder_version=&#8220;4.27.4&#8243; _module_preset=&#8220;default&#8220; hover_enabled=&#8220;0&#8243; global_colors_info=&#8220;{}&#8220; sticky_enabled=&#8220;0&#8243;][et_pb_accordion_item title=&#8220;Add On1:  Text Mining (Part 1)&#8220; open=&#8220;on&#8220; _builder_version=&#8220;4.27.4&#8243; _module_preset=&#8220;default&#8220; hover_enabled=&#8220;0&#8243; global_colors_info=&#8220;{}&#8220; sticky_enabled=&#8220;0&#8243;]<\/p>\n<p><span> Kernkonzepte und -techniken im Bereich Text Mining, Sentiment Analyse und Natural Language Processing (NLP)<\/span><\/p>\n<p><strong><a href=\"https:\/\/vimeo.com\/manage\/videos\/569032349\" title=\"CAS BIA10: AddOn1\" target=\"_blank\" rel=\"noopener\">View AddOn 1<\/a><\/strong><\/p>\n<p>[\/et_pb_accordion_item][et_pb_accordion_item title=&#8220;Add On2:  Text Mining (Part 2)&#8220; _builder_version=&#8220;4.27.4&#8243; _module_preset=&#8220;default&#8220; hover_enabled=&#8220;0&#8243; global_colors_info=&#8220;{}&#8220; open=&#8220;off&#8220; sticky_enabled=&#8220;0&#8243;]<\/p>\n<p><span> Kernkonzepte und -techniken im Bereich Text Mining, Sentiment Analyse und Natural Language Processing (NLP)<\/span><\/p>\n<p><strong><a href=\"https:\/\/vimeo.com\/manage\/videos\/569031679\" title=\"CAS BIA10: AddOn2\" target=\"_blank\" rel=\"noopener\">View AddOn 2<\/a><\/strong><\/p>\n<p>[\/et_pb_accordion_item][et_pb_accordion_item title=&#8220;Add On3:  Demo Textprocessing with KNIME&#8220; _builder_version=&#8220;4.27.4&#8243; _module_preset=&#8220;default&#8220; hover_enabled=&#8220;0&#8243; global_colors_info=&#8220;{}&#8220; open=&#8220;off&#8220; sticky_enabled=&#8220;0&#8243;]<\/p>\n<p><span>Demo zur Verarbeitung von Texten und Sentimentklassifizierung mit KNIME. Der Fokus liegt auf der Demonstration der interaktiven M\u00f6glichkeiten von KNIME, um sentimentanalytische Prozesse zu optimieren.<\/span><\/p>\n<p><strong><a href=\"https:\/\/vimeo.com\/manage\/videos\/569030921\" title=\"CAS BIA10: AddOn3\" target=\"_blank\" rel=\"noopener\">View AddOn 3<\/a><\/strong><\/p>\n<p>[\/et_pb_accordion_item][et_pb_accordion_item title=&#8220;Add On4:  Demo Textprocessing with PYTHON&#8220; _builder_version=&#8220;4.27.4&#8243; _module_preset=&#8220;default&#8220; hover_enabled=&#8220;0&#8243; global_colors_info=&#8220;{}&#8220; open=&#8220;off&#8220; sticky_enabled=&#8220;0&#8243;]<\/p>\n<p><span>Die Demo behandelt die Grundlagen der Verarbeitung nat\u00fcrlicher Sprache (NLP) mittels Python unter Verwendung der NLTK Library.\u00a0<\/span><\/p>\n<p><strong><a href=\"https:\/\/vimeo.com\/manage\/videos\/569031058\" title=\"CAS BIA10: AddOn4\" target=\"_blank\" rel=\"noopener\">View AddOn 4<\/a><\/strong><\/p>\n<p>[\/et_pb_accordion_item][\/et_pb_accordion][\/et_pb_column_inner][\/et_pb_row_inner][et_pb_row_inner _builder_version=&#8220;4.27.4&#8243; _module_preset=&#8220;default&#8220; global_colors_info=&#8220;{}&#8220;][et_pb_column_inner saved_specialty_column_type=&#8220;1_2&#8243; _builder_version=&#8220;4.27.4&#8243; _module_preset=&#8220;default&#8220; global_colors_info=&#8220;{}&#8220;][et_pb_divider _builder_version=&#8220;4.27.4&#8243; _module_preset=&#8220;default&#8220; global_colors_info=&#8220;{}&#8220;][\/et_pb_divider][et_pb_testimonial author=&#8220;Dr. Daniel Benninger \/ CAS BIA10&#8243; portrait_url=&#8220;https:\/\/sawubona.ch\/wp-content\/uploads\/2025\/07\/patrick-tomasso-Oaqk7qqNh_c-unsplash.jpg&#8220; _builder_version=&#8220;4.27.4&#8243; _module_preset=&#8220;default&#8220; background_color=&#8220;#8A912C&#8220; width=&#8220;101.2%&#8220; custom_margin=&#8220;|-582px||||&#8220; global_colors_info=&#8220;{}&#8220;]<\/p>\n<p><span style=\"color: #ffffff;\">Information Retrieval (IR) bezeichnet das gezielte Suchen und Auffinden von relevanten Informationen in grossen Datenbest\u00e4nden. Dabei werden Methoden wie Indexieren, Bewerten der Relevanz und Ranking von Dokumenten eingesetzt.<\/span><\/p>\n<p><span style=\"color: #ffff00;\">Kurz: Information Retrieval sucht gezielt nach relevanten Informationen bzw. Dokumenten..<\/span><\/p>\n<p>[\/et_pb_testimonial][\/et_pb_column_inner][\/et_pb_row_inner][\/et_pb_column][\/et_pb_section][et_pb_section fb_built=&#8220;1&#8243; fullwidth=&#8220;on&#8220; _builder_version=&#8220;4.27.4&#8243; _module_preset=&#8220;default&#8220; custom_margin=&#8220;||25px||false|false&#8220; top_divider_color=&#8220;#008196&#8243; bottom_divider_style=&#8220;triangle&#8220; bottom_divider_color=&#8220;#8A912C&#8220; global_colors_info=&#8220;{}&#8220;][\/et_pb_section]<\/p>\n","protected":false},"excerpt":{"rendered":"<p>Video &#8211; Vodcast- DemosQuelle: Spezialkurs zu &#8222;Text Mining&#8220; im CAS Business Intelligence and Analytics (CAS BIA10) von Dr. Daniel Benninger, Hochschule Luzern &#8211; Informatik Datum: Fr\u00fchjahr 2020Text Mining ist die automatische Analyse grosser Mengen unstrukturierter Texte, um n\u00fctzliche Informationen, Muster oder Zusammenh\u00e4nge zu erkennen. Es kombiniert Methoden aus der Linguistik, Informatik und Statistik. Kurz: Text [&hellip;]<\/p>\n","protected":false},"author":1,"featured_media":0,"parent":150,"menu_order":3,"comment_status":"closed","ping_status":"closed","template":"","meta":{"_et_pb_use_builder":"on","_et_pb_old_content":"","_et_gb_content_width":"","iawp_total_views":7,"footnotes":""},"class_list":["post-332","page","type-page","status-publish","hentry"],"jetpack_sharing_enabled":true,"_links":{"self":[{"href":"https:\/\/sawubona.ch\/index.php?rest_route=\/wp\/v2\/pages\/332","targetHints":{"allow":["GET"]}}],"collection":[{"href":"https:\/\/sawubona.ch\/index.php?rest_route=\/wp\/v2\/pages"}],"about":[{"href":"https:\/\/sawubona.ch\/index.php?rest_route=\/wp\/v2\/types\/page"}],"author":[{"embeddable":true,"href":"https:\/\/sawubona.ch\/index.php?rest_route=\/wp\/v2\/users\/1"}],"replies":[{"embeddable":true,"href":"https:\/\/sawubona.ch\/index.php?rest_route=%2Fwp%2Fv2%2Fcomments&post=332"}],"version-history":[{"count":6,"href":"https:\/\/sawubona.ch\/index.php?rest_route=\/wp\/v2\/pages\/332\/revisions"}],"predecessor-version":[{"id":358,"href":"https:\/\/sawubona.ch\/index.php?rest_route=\/wp\/v2\/pages\/332\/revisions\/358"}],"up":[{"embeddable":true,"href":"https:\/\/sawubona.ch\/index.php?rest_route=\/wp\/v2\/pages\/150"}],"wp:attachment":[{"href":"https:\/\/sawubona.ch\/index.php?rest_route=%2Fwp%2Fv2%2Fmedia&parent=332"}],"curies":[{"name":"wp","href":"https:\/\/api.w.org\/{rel}","templated":true}]}}