{"id":316,"date":"2025-07-24T17:01:04","date_gmt":"2025-07-24T17:01:04","guid":{"rendered":"https:\/\/sawubona.ch\/?page_id=316"},"modified":"2025-08-12T12:57:03","modified_gmt":"2025-08-12T12:57:03","slug":"podcast","status":"publish","type":"page","link":"https:\/\/sawubona.ch\/?page_id=316","title":{"rendered":"Podcasts"},"content":{"rendered":"<p>[et_pb_section fb_built=&#8220;1&#8243; _builder_version=&#8220;4.27.0&#8243; _module_preset=&#8220;default&#8220; global_colors_info=&#8220;{}&#8220;][et_pb_row _builder_version=&#8220;4.27.0&#8243; _module_preset=&#8220;default&#8220; global_colors_info=&#8220;{}&#8220;][et_pb_column type=&#8220;4_4&#8243; _builder_version=&#8220;4.27.0&#8243; _module_preset=&#8220;default&#8220; global_colors_info=&#8220;{}&#8220;][et_pb_text _builder_version=&#8220;4.27.4&#8243; _module_preset=&#8220;default&#8220; text_font=&#8220;Roboto|500|||||||&#8220; text_text_color=&#8220;#8A912C&#8220; text_font_size=&#8220;60px&#8220; text_orientation=&#8220;center&#8220; global_colors_info=&#8220;{}&#8220;]<\/p>\n<p style=\"text-align: left;\">Podcast &#8211; Audio &#8211; H\u00f6rtext<\/p>\n<p>[\/et_pb_text][\/et_pb_column][\/et_pb_row][\/et_pb_section][et_pb_section fb_built=&#8220;1&#8243; specialty=&#8220;on&#8220; _builder_version=&#8220;4.27.4&#8243; _module_preset=&#8220;default&#8220; global_colors_info=&#8220;{}&#8220;][et_pb_column type=&#8220;1_2&#8243; _builder_version=&#8220;4.16&#8243; custom_padding=&#8220;|||&#8220; global_colors_info=&#8220;{}&#8220; custom_padding__hover=&#8220;|||&#8220;][et_pb_image src=&#8220;https:\/\/sawubona.ch\/wp-content\/uploads\/2025\/07\/Podcast-Logo-WINF-Masterclass-scaled.png&#8220; alt=&#8220;WINF Masterclass 2025&#8243; title_text=&#8220;Podcast Logo &#8211; WINF Masterclass&#8220; _builder_version=&#8220;4.27.4&#8243; _module_preset=&#8220;default&#8220; global_colors_info=&#8220;{}&#8220;][\/et_pb_image][et_pb_divider _builder_version=&#8220;4.27.4&#8243; _module_preset=&#8220;default&#8220; global_colors_info=&#8220;{}&#8220;][\/et_pb_divider][et_pb_text _builder_version=&#8220;4.27.4&#8243; _module_preset=&#8220;default&#8220; global_colors_info=&#8220;{}&#8220;]<\/p>\n<p><strong>Quelle:<\/strong> Wirtschaftinformatik Masterarbeiten 2025 von Dr. Daniel Benninger als Experte betreut und begleitet, Hochschule Luzern-Informatik<\/p>\n<p><strong>Datum: <\/strong>Fr\u00fchjahr 2025<\/p>\n<p>[\/et_pb_text][et_pb_divider _builder_version=&#8220;4.27.4&#8243; _module_preset=&#8220;default&#8220; global_colors_info=&#8220;{}&#8220;][\/et_pb_divider][et_pb_testimonial author=&#8220;Sonnet 4 Think&#8220; portrait_url=&#8220;https:\/\/sawubona.ch\/wp-content\/uploads\/2025\/07\/claude-icon.png&#8220; _builder_version=&#8220;4.27.4&#8243; _module_preset=&#8220;default&#8220; background_color=&#8220;#8A912C&#8220; width=&#8220;101.2%&#8220; custom_margin=&#8220;|-582px||||&#8220; global_colors_info=&#8220;{}&#8220;]<span style=\"color: #ffffff;\">Wirtschaftsinformatik Masterarbeiten 2025: Innovative Forschung auf den Punkt gebracht! Abschlussarbeiten von Studierenden kompakt und verst\u00e4ndlich pr\u00e4sentiert.<\/span>[\/et_pb_testimonial][\/et_pb_column][et_pb_column type=&#8220;1_2&#8243; specialty_columns=&#8220;2&#8243; _builder_version=&#8220;4.16&#8243; custom_padding=&#8220;|||&#8220; global_colors_info=&#8220;{}&#8220; custom_padding__hover=&#8220;|||&#8220;][et_pb_row_inner _builder_version=&#8220;4.27.4&#8243; _module_preset=&#8220;default&#8220; global_colors_info=&#8220;{}&#8220;][et_pb_column_inner saved_specialty_column_type=&#8220;1_2&#8243; _builder_version=&#8220;4.27.4&#8243; _module_preset=&#8220;default&#8220; global_colors_info=&#8220;{}&#8220;][et_pb_accordion _builder_version=&#8220;4.27.4&#8243; _module_preset=&#8220;default&#8220; hover_enabled=&#8220;0&#8243; global_colors_info=&#8220;{}&#8220; sticky_enabled=&#8220;0&#8243;][et_pb_accordion_item title=&#8220;Noemi Rohner: Pr\u00e4vention von Smishing und Vishing&#8220; open=&#8220;off&#8220; _builder_version=&#8220;4.27.4&#8243; _module_preset=&#8220;default&#8220; global_colors_info=&#8220;{}&#8220;]<\/p>\n<p><span>Einsatz moderner Technologien zur Pr\u00e4vention von Smishing und Vishing: Potenziale f\u00fcr die Swisscom Schweiz AG (Masterthesis HSLU 2025)<\/span><\/p>\n<p><strong><a href=\"https:\/\/on.soundcloud.com\/SZJgCxFKsEsZeC4Jzk\" title=\"Masterclass 2025 - Noemi Rohner\" target=\"_blank\" rel=\"noopener\">Listen to Noemi&#8217;s Mastertesis<\/a><\/strong><\/p>\n<p>[\/et_pb_accordion_item][et_pb_accordion_item title=&#8220;Mizgin Turunc: eBill Zukunfstperspektiven&#8220; _builder_version=&#8220;4.27.4&#8243; _module_preset=&#8220;default&#8220; global_colors_info=&#8220;{}&#8220; open=&#8220;off&#8220;]<\/p>\n<p><span>\u00dcberall dieselbe alte Leier. Das Layout ist fertig, der Text l\u00e4sst auf sich warten. Damit das Layout nun nicht nackt im Raume steht und sich klein und leer vorkommt, springe ich ein: der Blindtext.\u00a0<\/span><\/p>\n<p><a href=\"https:\/\/on.soundcloud.com\/st3sSu8Iwa8eIQFfeb\" title=\"Masterclass 2025 - Mizgin Turunc\" target=\"_blank\" rel=\"noopener\"><strong>Listen to Mizgin&#8217;s Master Thesis<\/strong><\/a><\/p>\n<p>[\/et_pb_accordion_item][et_pb_accordion_item title=&#8220;Ho Yin Lam: RAG im Unternehmenskontext&#8220; _builder_version=&#8220;4.27.4&#8243; _module_preset=&#8220;default&#8220; global_colors_info=&#8220;{}&#8220; open=&#8220;on&#8220;]<\/p>\n<p><span>Der Einsatz von Generativer KI mit Retrieval-Augmented Generation im Unternehmenskontext &#8211; Eine Untersuchung am Beispiel grosser Sprachmodelle&#8220; (Masterthesis HSLU 2025)<\/span><\/p>\n<p><a href=\"https:\/\/on.soundcloud.com\/5iJJ1QwfMmLQBxhlR1\" target=\"_blank\" rel=\"noopener\" title=\"Masterclass 2025: Ho Yin Lam\"><strong>Listen to Ho Yin&#8217;s Master Thesis<\/strong><\/a><\/p>\n<p>[\/et_pb_accordion_item][et_pb_accordion_item title=&#8220;Melanie Jeker: Beratungsframework f\u00fcr datenbasierte Dienstleistungen&#8220; _builder_version=&#8220;4.27.4&#8243; _module_preset=&#8220;default&#8220; hover_enabled=&#8220;0&#8243; global_colors_info=&#8220;{}&#8220; open=&#8220;off&#8220; sticky_enabled=&#8220;0&#8243;]<\/p>\n<table class=\"NormalTable\">\n<tbody>\n<tr>\n<td width=\"474\" style=\"border-style: none;\"><span class=\"fontstyle0\">Entwicklung eines Frameworks zur Optimierung von datenbasierten Dienstleistungen in Beratungsunternehmen<\/span><\/td>\n<\/tr>\n<\/tbody>\n<\/table>\n<p>&nbsp;<\/p>\n<p><a href=\"https:\/\/on.soundcloud.com\/5iJJ1QwfMmLQBxhlR1\" target=\"_blank\" rel=\"noopener\" title=\"Masterclass 2025 - Melanie Jeker\"><span>Listen to Melanie&#8217;s Master Thesis<\/span><\/a><\/p>\n<p>[\/et_pb_accordion_item][et_pb_accordion_item title=&#8220;Marcel Tschannen: Immobilien-Portfoliomanagement&#8220; _builder_version=&#8220;4.27.4&#8243; _module_preset=&#8220;default&#8220; hover_enabled=&#8220;0&#8243; global_colors_info=&#8220;{}&#8220; open=&#8220;off&#8220; sticky_enabled=&#8220;0&#8243;]<\/p>\n<p><span>Datengesteuerte Entscheidungsfindung am Beispiel <\/span><span>Immobilien-Portfoliomanagement der Pensionskasse des Bundes PUBLICA&#8220; (Masterthesis BFH 2025)<\/span><\/p>\n<p><a href=\"https:\/\/on.soundcloud.com\/v6n0mF6J0NVfRxu2BQ\" target=\"_blank\" rel=\"noopener\" title=\"Masterclass 2025 - Marcel Tschannen\">Listen to Marcel&#8217;s Master Thesis<\/a><\/p>\n<p>[\/et_pb_accordion_item][et_pb_accordion_item title=&#8220;Sebastian Moos: Frische Supply Chain Analytics&#8220; _builder_version=&#8220;4.27.4&#8243; _module_preset=&#8220;default&#8220; hover_enabled=&#8220;0&#8243; global_colors_info=&#8220;{}&#8220; open=&#8220;off&#8220; sticky_enabled=&#8220;0&#8243;]<\/p>\n<p><span>Analytische Daten in der Migros Frische Supply Chain (Masterthesis HSLU 2025).\u00a0<\/span><\/p>\n<p><a href=\"https:\/\/on.soundcloud.com\/b0ulA6lKfz8j9VSxij\" target=\"_blank\" rel=\"noopener\" title=\"Masterclass 2025 - Sebastian Moos\">Listen to Sebastian&#8217;s Master Thesis<\/a><\/p>\n<p>[\/et_pb_accordion_item][et_pb_accordion_item title=&#8220;Robin Z\u00fcllig: Potential of a Smart Shift Planner&#8220; _builder_version=&#8220;4.27.4&#8243; _module_preset=&#8220;default&#8220; hover_enabled=&#8220;0&#8243; global_colors_info=&#8220;{}&#8220; open=&#8220;off&#8220; sticky_enabled=&#8220;0&#8243;]<\/p>\n<p><span>Potential of a Smart Shift Planner &#8211; Allgemeine und branchenspezifische Anforderungen an Funktionalit\u00e4t und Architektur f\u00fcr eine Schichtplanungs-Software f\u00fcr Schweizer KMU (Masterthesis OST 2025).<\/span><\/p>\n<p><a href=\"https:\/\/on.soundcloud.com\/ZhQqLnpN1NjbZKYETS\" target=\"_blank\" rel=\"noopener\" title=\"Masterclass 2025 - Robin Z\u00fcllig\">Listen to Robin&#8217;s Master Thesis<\/a><\/p>\n<p>[\/et_pb_accordion_item][et_pb_accordion_item title=&#8220;FF+JR: Innovatives Krypto-Wallet&#8220; _builder_version=&#8220;4.27.4&#8243; _module_preset=&#8220;default&#8220; hover_enabled=&#8220;0&#8243; global_colors_info=&#8220;{}&#8220; open=&#8220;off&#8220; sticky_enabled=&#8220;0&#8243;]<\/p>\n<p><span>Von der Gesch\u00e4ftsidee zum Prototyp &#8211; Marktanalyse und UX-Konzeption eines innovativen Krypto-Wallets f\u00fcr Alltagsnutzer (Masterthesis HSLU 2025).<\/span><\/p>\n<p><a href=\"https:\/\/on.soundcloud.com\/qgro1jVc240wpATEiA\" target=\"_blank\" rel=\"noopener\" title=\"Masterclass 2025 - FF+JR\">Listen to FF+JR&#8217;s Master Thesis<\/a><\/p>\n<p>[\/et_pb_accordion_item][\/et_pb_accordion][\/et_pb_column_inner][\/et_pb_row_inner][\/et_pb_column][\/et_pb_section][et_pb_section fb_built=&#8220;1&#8243; fullwidth=&#8220;on&#8220; _builder_version=&#8220;4.27.4&#8243; _module_preset=&#8220;default&#8220; custom_margin=&#8220;||25px||false|false&#8220; top_divider_color=&#8220;#008196&#8243; bottom_divider_style=&#8220;triangle&#8220; bottom_divider_color=&#8220;#8A912C&#8220; global_colors_info=&#8220;{}&#8220;][\/et_pb_section][et_pb_section fb_built=&#8220;1&#8243; specialty=&#8220;on&#8220; _builder_version=&#8220;4.27.4&#8243; _module_preset=&#8220;default&#8220; global_colors_info=&#8220;{}&#8220;][et_pb_column type=&#8220;1_2&#8243; _builder_version=&#8220;4.16&#8243; custom_padding=&#8220;|||&#8220; global_colors_info=&#8220;{}&#8220; custom_padding__hover=&#8220;|||&#8220;][et_pb_image src=&#8220;https:\/\/sawubona.ch\/wp-content\/uploads\/2025\/07\/DBE_Podcast-cover-1-scaled.jpg&#8220; alt=&#8220;KETE &#8211; Key Technologies&#8220; title_text=&#8220;KI 1 &#8211; Podcast &#8220; _builder_version=&#8220;4.27.4&#8243; _module_preset=&#8220;default&#8220; global_colors_info=&#8220;{}&#8220;][\/et_pb_image][et_pb_divider _builder_version=&#8220;4.27.4&#8243; _module_preset=&#8220;default&#8220; global_colors_info=&#8220;{}&#8220;][\/et_pb_divider][et_pb_text _builder_version=&#8220;4.27.4&#8243; _module_preset=&#8220;default&#8220; global_colors_info=&#8220;{}&#8220;]<\/p>\n<p><strong>Quelle:<\/strong> Themen im Collegium60+ Kurs &#8222;K\u00fcnstliche Intelligenz &#8211; Was hinter den Schlagzeilen steckt&#8220;&#8220; von Dr. Daniel Benninger, Sawubona<\/p>\n<p><strong>Datum: <\/strong>Herbst 2024\/Fr\u00fchjahr 2025<\/p>\n<p>[\/et_pb_text][et_pb_divider _builder_version=&#8220;4.27.4&#8243; _module_preset=&#8220;default&#8220; global_colors_info=&#8220;{}&#8220;][\/et_pb_divider][et_pb_testimonial author=&#8220;Kursbeschrieb L-2413 \/ Collegium60plus&#8220; portrait_url=&#8220;https:\/\/sawubona.ch\/wp-content\/uploads\/2025\/07\/Alan-Turing_1_L1qhvoMnIlSIkOfH92Ta7w.webp&#8220; _builder_version=&#8220;4.27.4&#8243; _module_preset=&#8220;default&#8220; background_color=&#8220;#8A912C&#8220; width=&#8220;101.2%&#8220; custom_margin=&#8220;|-582px||||&#8220; global_colors_info=&#8220;{}&#8220;]<\/p>\n<p><span style=\"color: #ffffff;\">Der als Einf\u00fchrung konzipierte Kurs r\u00e4umt mit popul\u00e4ren Mythen und Missverst\u00e4ndnissen \u00fcber K\u00fcnstliche Intelligenz auf, stellt allt\u00e4gliche Beispiele vor und regt zum Nachdenken \u00fcber langfristige Perspektiven an.<\/span><\/p>\n<p>[\/et_pb_testimonial][\/et_pb_column][et_pb_column type=&#8220;1_2&#8243; specialty_columns=&#8220;2&#8243; _builder_version=&#8220;4.16&#8243; custom_padding=&#8220;|||&#8220; global_colors_info=&#8220;{}&#8220; custom_padding__hover=&#8220;|||&#8220;][et_pb_row_inner _builder_version=&#8220;4.27.4&#8243; _module_preset=&#8220;default&#8220; global_colors_info=&#8220;{}&#8220;][et_pb_column_inner saved_specialty_column_type=&#8220;1_2&#8243; _builder_version=&#8220;4.27.4&#8243; _module_preset=&#8220;default&#8220; global_colors_info=&#8220;{}&#8220;][et_pb_accordion _builder_version=&#8220;4.27.4&#8243; _module_preset=&#8220;default&#8220; global_colors_info=&#8220;{}&#8220;][et_pb_accordion_item title=&#8220;Deep Dive 1: Von Science Fiction zur Realit\u00e4t&#8220; open=&#8220;on&#8220; _builder_version=&#8220;4.27.4&#8243; _module_preset=&#8220;default&#8220; global_colors_info=&#8220;{}&#8220;]<\/p>\n<p><span class=\"fontstyle0\">Eine Reise durch die <\/span><strong><span class=\"fontstyle2\">Entwicklung der k\u00fcnstlichen Intelligenz<\/span><\/strong><span class=\"fontstyle0\">, von den Anf\u00e4ngen in Science Fiction Filmen und Romanen bis zu realen Anwendungen heute<\/span><\/p>\n<p><strong><a href=\"https:\/\/soundcloud.com\/user-414849588-825868117\/ki-kurs-deep-dive-teil1-2025?in=user-414849588-825868117\/sets\/c60plus-ki1\" title=\"C60+ Kurs KI1 - DeepDive1\" target=\"_blank\" rel=\"noopener\">Listen to Deep Dive 1<\/a><\/strong><\/p>\n<p>[\/et_pb_accordion_item][et_pb_accordion_item title=&#8220;Deep Dive 2: Die Evolution der Datenanalyse&#8220; _builder_version=&#8220;4.27.4&#8243; _module_preset=&#8220;default&#8220; global_colors_info=&#8220;{}&#8220; open=&#8220;off&#8220;]<\/p>\n<p><span class=\"fontstyle0\">Von der Handschrifterkennung bis hin zur personalisierten Werbung oder Medizin \u2013 wie Maschinen lernen Muster zu erkennen &#8211; <\/span><strong><span class=\"fontstyle2\">Machine Learning<\/span><\/strong><\/p>\n<p><a href=\"https:\/\/soundcloud.com\/user-414849588-825868117\/kete-episode2-die-geschichte-des-internets?in=user-414849588-825868117\/sets\/kete-key-technologies\" title=\"KETE Episode 2\" target=\"_blank\" rel=\"noopener\"><strong>Listen to Deep Dive 2<\/strong><\/a><\/p>\n<p>[\/et_pb_accordion_item][et_pb_accordion_item title=&#8220;Deep Dive 3: Die n\u00e4chste Stufe der K\u00fcnstlichen Intelligenz&#8220; _builder_version=&#8220;4.27.4&#8243; _module_preset=&#8220;default&#8220; global_colors_info=&#8220;{}&#8220; open=&#8220;off&#8220;]<\/p>\n<p><span class=\"fontstyle0\">Beeindruckende Fortschritte in Bereichen wie Bild- oder Spracherkennung mittels neuronaler Netze. Die Magie des <\/span><strong><span class=\"fontstyle2\">Deep Learning<\/span><\/strong> <\/p>\n<p><a href=\"https:\/\/soundcloud.com\/user-414849588-825868117\/kete-episode3-die-dartmouth-konferenz-und-die-geburt-der-kunstlichen-intelligenz?in=user-414849588-825868117\/sets\/kete-key-technologies\" target=\"_blank\" rel=\"noopener\" title=\"KETE Episode 3\">Listen to Deep Dive 3<\/a><\/p>\n<p>[\/et_pb_accordion_item][et_pb_accordion_item title=&#8220;Deep Dive 4: Die Revoution der Kreativit\u00e4t und der Innovation&#8220; _builder_version=&#8220;4.27.4&#8243; _module_preset=&#8220;default&#8220; global_colors_info=&#8220;{}&#8220; open=&#8220;off&#8220;]<\/p>\n<p><strong><span class=\"fontstyle0\">Generative KI <\/span><\/strong><span class=\"fontstyle2\">ist eine Technologie, die die Art und Weise, wie wir kreativ arbeiten und Innovationen vorantreiben, revolutioniert<\/span> <\/p>\n<p><a href=\"https:\/\/soundcloud.com\/user-414849588-825868117\/dec2c7ab-a6a6-4732-8e12-2451cd116e51?in=user-414849588-825868117\/sets\/kete-key-technologies\" target=\"_blank\" rel=\"noopener\" title=\"KETE Episode 4\"><span>Listen to Deep Dive 4<\/span><\/a><\/p>\n<p>[\/et_pb_accordion_item][et_pb_accordion_item title=&#8220;Deep Dive 5: Zukunft gestalten &#8211; Chancen, Risiken, Ethik&#8220; _builder_version=&#8220;4.27.4&#8243; _module_preset=&#8220;default&#8220; global_colors_info=&#8220;{}&#8220; open=&#8220;off&#8220;]<\/p>\n<p><span class=\"fontstyle0\">K\u00fcnstliche Intelligenz wird die Zukunft der Menschheit ver\u00e4ndern. <strong>Chancen und Risiken<\/strong> dieser Technologie und ethische Fragen, die sich dabei stellen<\/span> <\/p>\n<p><a href=\"https:\/\/soundcloud.com\/user-414849588-825868117\/deepdive1_ki-kurs-teil5_2025?in=user-414849588-825868117\/sets\/c60plus-ki1\" target=\"_blank\" rel=\"noopener\" title=\"C60+ KI1 - Deep Dive 5\">Listen to Deep Dive 5<\/a><\/p>\n<p>[\/et_pb_accordion_item][et_pb_accordion_item title=&#8220;AddOn 1: Die Dartmouth Konferenz 1956&#8243; _builder_version=&#8220;4.27.4&#8243; _module_preset=&#8220;default&#8220; global_colors_info=&#8220;{}&#8220; open=&#8220;off&#8220;]<\/p>\n<p><span>Die Dartmouth-Konferenz war ein wegweisendes Treffen von Wissenschaftlern, die sich mit der M\u00f6glichkeit k\u00fcnstlicher Intelligenz besch\u00e4ftigten. Sie fand im Sommer 1956 am Dartmouth College in Hanover, New Hampshire (US) statt.<\/span><\/p>\n<p><a href=\"https:\/\/soundcloud.com\/user-414849588-825868117\/deepdive1_ki-kurs-teil5_2025?in=user-414849588-825868117\/sets\/c60plus-ki1\" target=\"_blank\" rel=\"noopener\" title=\"C60+ KI1 - Deep Dive 5\">Listen to AddOn 1<\/a><\/p>\n<p>[\/et_pb_accordion_item][et_pb_accordion_item title=&#8220;AddOn 2: Maschinelles Lernen in der Medizin&#8220; _builder_version=&#8220;4.27.4&#8243; _module_preset=&#8220;default&#8220; global_colors_info=&#8220;{}&#8220; open=&#8220;off&#8220;]<\/p>\n<p>\u00dcber die zunehmende Bedeutung des maschinellen Lernens in der medizinischen Forschung und klinischen Anwendung.<\/p>\n<p><a href=\"https:\/\/soundcloud.com\/user-414849588-825868117\/deepdive1_ki-kurs-teil5_2025?in=user-414849588-825868117\/sets\/c60plus-ki1\" target=\"_blank\" rel=\"noopener\" title=\"C60+ KI1 - Deep Dive 5\">Listen to AddOn 2<\/a><\/p>\n<p>[\/et_pb_accordion_item][\/et_pb_accordion][\/et_pb_column_inner][\/et_pb_row_inner][\/et_pb_column][\/et_pb_section][et_pb_section fb_built=&#8220;1&#8243; fullwidth=&#8220;on&#8220; _builder_version=&#8220;4.27.4&#8243; _module_preset=&#8220;default&#8220; custom_margin=&#8220;||25px||false|false&#8220; top_divider_color=&#8220;#008196&#8243; bottom_divider_style=&#8220;triangle&#8220; bottom_divider_color=&#8220;#8A912C&#8220; global_colors_info=&#8220;{}&#8220;][\/et_pb_section][et_pb_section fb_built=&#8220;1&#8243; specialty=&#8220;on&#8220; _builder_version=&#8220;4.27.4&#8243; _module_preset=&#8220;default&#8220; global_colors_info=&#8220;{}&#8220;][et_pb_column type=&#8220;1_2&#8243; _builder_version=&#8220;4.16&#8243; custom_padding=&#8220;|||&#8220; global_colors_info=&#8220;{}&#8220; custom_padding__hover=&#8220;|||&#8220;][et_pb_image src=&#8220;https:\/\/sawubona.ch\/wp-content\/uploads\/2025\/07\/KETE-Key-Tecnologies-LOGO-1024&#215;1024.jpg&#8220; alt=&#8220;KETE &#8211; Key Technologies&#8220; title_text=&#8220;KETE- Key Technologies &#8211; LOGO&#8220; _builder_version=&#8220;4.27.4&#8243; _module_preset=&#8220;default&#8220; global_colors_info=&#8220;{}&#8220;][\/et_pb_image][et_pb_divider _builder_version=&#8220;4.27.4&#8243; _module_preset=&#8220;default&#8220; global_colors_info=&#8220;{}&#8220;][\/et_pb_divider][et_pb_text _builder_version=&#8220;4.27.4&#8243; _module_preset=&#8220;default&#8220; global_colors_info=&#8220;{}&#8220;]<\/p>\n<p><strong>Quelle:<\/strong> Themen im Modul &#8222;Key Technologies&#8220; im WINF Masterstudium von Dr. Daniel Benninger, Hochschule Luzern-Informatik<\/p>\n<p><strong>Datum: <\/strong>Herbstsemester 2024<\/p>\n<p>[\/et_pb_text][et_pb_divider _builder_version=&#8220;4.27.4&#8243; _module_preset=&#8220;default&#8220; global_colors_info=&#8220;{}&#8220;][\/et_pb_divider][et_pb_testimonial author=&#8220;Dr. Daniel Benninger&#8220; portrait_url=&#8220;https:\/\/sawubona.ch\/wp-content\/uploads\/2025\/07\/anne-nygard-6BCgNl-UY6A-unsplash.jpg&#8220; _builder_version=&#8220;4.27.4&#8243; _module_preset=&#8220;default&#8220; background_color=&#8220;#8A912C&#8220; custom_margin=&#8220;|-582px||||&#8220; global_colors_info=&#8220;{}&#8220;]<\/p>\n<p><span style=\"color: #ffffff;\">Im Kontext der Digitalisierung wird der Begriff \u201eSchl\u00fcsseltechnologie\u201c (engl. Key Technology) vielf\u00e4ltig und mehrdeutig verwendet. Je nach Betrachtungsstandpunkt und Branchenfokus werden ganz unterschiedliche Technologien als Schl\u00fcsseltechnologien eingestuft.<\/span><\/p>\n<p><span style=\"color: #ffffff;\">Im Modul \u201eKey Technologies\u201c (KETE) sollen IC-Technologien behandelt werden, welche f\u00fcr unterschiedliche Branchen und bei unterschiedlichen Anwendungen einen deutlichen Einfluss auf die Wettbewerbsf\u00e4higkeit bzw. ein hohes Entwicklungspotenzial im Kontext der Digitalisierung aufweisen.<\/span><\/p>\n<p>[\/et_pb_testimonial][\/et_pb_column][et_pb_column type=&#8220;1_2&#8243; specialty_columns=&#8220;2&#8243; _builder_version=&#8220;4.16&#8243; custom_padding=&#8220;|||&#8220; global_colors_info=&#8220;{}&#8220; custom_padding__hover=&#8220;|||&#8220;][et_pb_row_inner _builder_version=&#8220;4.27.4&#8243; _module_preset=&#8220;default&#8220; global_colors_info=&#8220;{}&#8220;][et_pb_column_inner saved_specialty_column_type=&#8220;1_2&#8243; _builder_version=&#8220;4.27.4&#8243; _module_preset=&#8220;default&#8220; global_colors_info=&#8220;{}&#8220;][et_pb_accordion _builder_version=&#8220;4.27.4&#8243; _module_preset=&#8220;default&#8220; global_colors_info=&#8220;{}&#8220;][et_pb_accordion_item title=&#8220;Episode 1: ICT Innovation and Digital Transformation&#8220; open=&#8220;on&#8220; _builder_version=&#8220;4.27.4&#8243; _module_preset=&#8220;default&#8220; global_colors_info=&#8220;{}&#8220;]<\/p>\n<p><span>From Niches to Revolution: How Disruptive Technologies Reshape Markets. Aspects of disruptive technologies: the initially poorer performance, the attractiveness to new markets, and the challenge to established companies.<\/span><\/p>\n<p><strong><a href=\"https:\/\/soundcloud.com\/user-414849588-825868117\/key-technologies-kete-episode-1?in=user-414849588-825868117\/sets\/kete-key-technologies\" title=\"KETE Episode1\" target=\"_blank\" rel=\"noopener\">Listen to Episode 1<\/a><\/strong><\/p>\n<p>[\/et_pb_accordion_item][et_pb_accordion_item title=&#8220;Episode 2: History of the Internet&#8220; _builder_version=&#8220;4.27.4&#8243; _module_preset=&#8220;default&#8220; global_colors_info=&#8220;{}&#8220; open=&#8220;off&#8220;]<\/p>\n<p><span>From Military Application to Global Phenomenon. The internet&#8217;s roots are in research funded by the US Department of Defense, specifically the Advanced Research Projects Agency (ARPA). The military&#8217;s need for a decentralized, robust communication system in case of nuclear war drove early development. As Ruthfield puts it, &#8222;The internet we use today is one of the few positive legacies of Cold War paranoia.&#8220;<\/span><\/p>\n<p><a href=\"https:\/\/soundcloud.com\/user-414849588-825868117\/kete-episode2-die-geschichte-des-internets?in=user-414849588-825868117\/sets\/kete-key-technologies\" title=\"KETE Episode 2\" target=\"_blank\" rel=\"noopener\"><strong>Listen to Episode 2<\/strong><\/a><\/p>\n<p>[\/et_pb_accordion_item][et_pb_accordion_item title=&#8220;Episode 3: The Dartmouth Conference&#8220; _builder_version=&#8220;4.27.4&#8243; _module_preset=&#8220;default&#8220; global_colors_info=&#8220;{}&#8220; open=&#8220;off&#8220;]<\/p>\n<p><span>The Dartmouth Conference, which took place in the summer of 1956 at Dartmouth College in Hanover, New Hampshire, is considered the birth of artificial intelligence. Organised by John McCarthy, Marvin Minsky, Nathaniel Rochester and Claude Shannon, it brought together leading minds from the fields of mathematics, computer science, psychology and information technology with the ambitious goal of creating machines that can \u2018think\u2019.<\/span><\/p>\n<p><a href=\"https:\/\/soundcloud.com\/user-414849588-825868117\/kete-episode3-die-dartmouth-konferenz-und-die-geburt-der-kunstlichen-intelligenz?in=user-414849588-825868117\/sets\/kete-key-technologies\" target=\"_blank\" rel=\"noopener\" title=\"KETE Episode 3\">Listen to Episode 3<\/a><\/p>\n<p>[\/et_pb_accordion_item][et_pb_accordion_item title=&#8220;Episode 4: Alan Turing&#8220; _builder_version=&#8220;4.27.4&#8243; _module_preset=&#8220;default&#8220; global_colors_info=&#8220;{}&#8220; open=&#8220;off&#8220;]<\/p>\n<p><span>Alan Turing (1912-1954) was an English mathematician and computer pioneer.<\/span><br \/><span>From 1931, he studied mathematics at King&#8217;s College in Cambridge and worked on mathematical logic and David Hilbert&#8217;s decision problem: can there be a defined method for deciding the provability of a mathematical statement?<\/span><br \/><span>To answer this question, he developed the concept of the Turing machine, a hypothetical machine that can perform precisely defined operations on symbols. In doing so, he created a formal definition of an algorithm.<\/span><\/p>\n<p><a href=\"https:\/\/soundcloud.com\/user-414849588-825868117\/dec2c7ab-a6a6-4732-8e12-2451cd116e51?in=user-414849588-825868117\/sets\/kete-key-technologies\" target=\"_blank\" rel=\"noopener\" title=\"KETE Episode 4\"><span>Listen to Episode 4<\/span><\/a><\/p>\n<p>[\/et_pb_accordion_item][\/et_pb_accordion][\/et_pb_column_inner][\/et_pb_row_inner][\/et_pb_column][\/et_pb_section]<\/p>\n","protected":false},"excerpt":{"rendered":"<p>Podcast &#8211; Audio &#8211; H\u00f6rtextQuelle: Wirtschaftinformatik Masterarbeiten 2025 von Dr. Daniel Benninger als Experte betreut und begleitet, Hochschule Luzern-Informatik Datum: Fr\u00fchjahr 2025Wirtschaftsinformatik Masterarbeiten 2025: Innovative Forschung auf den Punkt gebracht! Abschlussarbeiten von Studierenden kompakt und verst\u00e4ndlich pr\u00e4sentiert.Einsatz moderner Technologien zur Pr\u00e4vention von Smishing und Vishing: Potenziale f\u00fcr die Swisscom Schweiz AG (Masterthesis HSLU 2025) Listen [&hellip;]<\/p>\n","protected":false},"author":1,"featured_media":0,"parent":150,"menu_order":2,"comment_status":"closed","ping_status":"closed","template":"","meta":{"_et_pb_use_builder":"on","_et_pb_old_content":"","_et_gb_content_width":"","iawp_total_views":10,"footnotes":""},"class_list":["post-316","page","type-page","status-publish","hentry"],"jetpack_sharing_enabled":true,"_links":{"self":[{"href":"https:\/\/sawubona.ch\/index.php?rest_route=\/wp\/v2\/pages\/316","targetHints":{"allow":["GET"]}}],"collection":[{"href":"https:\/\/sawubona.ch\/index.php?rest_route=\/wp\/v2\/pages"}],"about":[{"href":"https:\/\/sawubona.ch\/index.php?rest_route=\/wp\/v2\/types\/page"}],"author":[{"embeddable":true,"href":"https:\/\/sawubona.ch\/index.php?rest_route=\/wp\/v2\/users\/1"}],"replies":[{"embeddable":true,"href":"https:\/\/sawubona.ch\/index.php?rest_route=%2Fwp%2Fv2%2Fcomments&post=316"}],"version-history":[{"count":10,"href":"https:\/\/sawubona.ch\/index.php?rest_route=\/wp\/v2\/pages\/316\/revisions"}],"predecessor-version":[{"id":379,"href":"https:\/\/sawubona.ch\/index.php?rest_route=\/wp\/v2\/pages\/316\/revisions\/379"}],"up":[{"embeddable":true,"href":"https:\/\/sawubona.ch\/index.php?rest_route=\/wp\/v2\/pages\/150"}],"wp:attachment":[{"href":"https:\/\/sawubona.ch\/index.php?rest_route=%2Fwp%2Fv2%2Fmedia&parent=316"}],"curies":[{"name":"wp","href":"https:\/\/api.w.org\/{rel}","templated":true}]}}