{"id":305,"date":"2025-07-24T15:47:28","date_gmt":"2025-07-24T15:47:28","guid":{"rendered":"https:\/\/sawubona.ch\/?page_id=305"},"modified":"2025-08-12T14:13:44","modified_gmt":"2025-08-12T14:13:44","slug":"presentations","status":"publish","type":"page","link":"https:\/\/sawubona.ch\/?page_id=305","title":{"rendered":"Pr\u00e4sentationen"},"content":{"rendered":"<p>[et_pb_section fb_built=&#8220;1&#8243; _builder_version=&#8220;4.27.0&#8243; _module_preset=&#8220;default&#8220; global_colors_info=&#8220;{}&#8220;][et_pb_row _builder_version=&#8220;4.27.0&#8243; _module_preset=&#8220;default&#8220; global_colors_info=&#8220;{}&#8220;][et_pb_column type=&#8220;4_4&#8243; _builder_version=&#8220;4.27.0&#8243; _module_preset=&#8220;default&#8220; global_colors_info=&#8220;{}&#8220;][et_pb_text _builder_version=&#8220;4.27.4&#8243; _module_preset=&#8220;default&#8220; text_font=&#8220;Roboto|500|||||||&#8220; text_text_color=&#8220;#8A912C&#8220; text_font_size=&#8220;60px&#8220; text_orientation=&#8220;center&#8220; global_colors_info=&#8220;{}&#8220;]<\/p>\n<p style=\"text-align: left;\">Pr\u00e4sentationen &#8211; Referate &#8211; Vortr\u00e4ge<\/p>\n<p>[\/et_pb_text][\/et_pb_column][\/et_pb_row][\/et_pb_section][et_pb_section fb_built=&#8220;1&#8243; specialty=&#8220;on&#8220; _builder_version=&#8220;4.27.4&#8243; _module_preset=&#8220;default&#8220; global_colors_info=&#8220;{}&#8220;][et_pb_column type=&#8220;1_2&#8243; _builder_version=&#8220;4.16&#8243; custom_padding=&#8220;|||&#8220; global_colors_info=&#8220;{}&#8220; custom_padding__hover=&#8220;|||&#8220;][et_pb_image src=&#8220;https:\/\/sawubona.ch\/wp-content\/uploads\/2025\/07\/DBenninger_DecNet-GV_20240214_V1-PUBLIC.png&#8220; alt=&#8220;DecNet Speech 2024&#8243; title_text=&#8220;DBenninger_DecNet GV_20240214_V1-PUBLIC&#8220; url_new_window=&#8220;on&#8220; _builder_version=&#8220;4.27.4&#8243; _dynamic_attributes=&#8220;url&#8220; _module_preset=&#8220;default&#8220; global_colors_info=&#8220;{}&#8220;][\/et_pb_image][et_pb_divider _builder_version=&#8220;4.27.4&#8243; _module_preset=&#8220;default&#8220; global_colors_info=&#8220;{}&#8220;][\/et_pb_divider][et_pb_text _builder_version=&#8220;4.27.4&#8243; _module_preset=&#8220;default&#8220; global_colors_info=&#8220;{}&#8220;]<\/p>\n<p><strong>Quelle:<\/strong> <a href=\"https:\/\/sawubona.ch\/wp-content\/uploads\/2025\/07\/DBenninger_DecNet-GV_20240214_V1-PUBLIC.pdf\" target=\"_blank\" rel=\"noopener\">Handouts zum Referat an der DECNet GV von Dr. Daniel Benninger, Sawubona GmbH Bern<\/a><\/p>\n<p><strong>Datum der Pr\u00e4sentation:<\/strong> 14. Februar 2024<\/p>\n<p>[\/et_pb_text][et_pb_divider _builder_version=&#8220;4.27.4&#8243; _module_preset=&#8220;default&#8220; global_colors_info=&#8220;{}&#8220;][\/et_pb_divider][et_pb_testimonial author=&#8220;Dr. Daniel Benninger&#8220; portrait_url=&#8220;https:\/\/sawubona.ch\/wp-content\/uploads\/2025\/07\/igor-omilaev-FHgWFzDDAOs-unsplash-scaled.jpg&#8220; _builder_version=&#8220;4.27.4&#8243; _module_preset=&#8220;default&#8220; background_color=&#8220;#8A912C&#8220; global_colors_info=&#8220;{}&#8220;]<\/p>\n<p><span style=\"color: #ffffff;\">Generative KI ist wie ein unglaublich versierter Imitator, der durch das Studium unz\u00e4hliger menschlicher Werke gelernt hat, \u00fcberzeugende neue Inhalte zu erschaffen \u2013 sei es Text, Bilder oder Code. Sie ist meisterhaft darin, Muster und Wahrscheinlichkeiten zu verkn\u00fcpfen, besitzt aber kein intrinsisches Verst\u00e4ndnis oder Bewusstsein f\u00fcr das, was sie kreiert.<\/span><\/p>\n<p>[\/et_pb_testimonial][\/et_pb_column][et_pb_column type=&#8220;1_2&#8243; specialty_columns=&#8220;2&#8243; _builder_version=&#8220;4.16&#8243; custom_padding=&#8220;|||&#8220; global_colors_info=&#8220;{}&#8220; custom_padding__hover=&#8220;|||&#8220;][et_pb_row_inner _builder_version=&#8220;4.27.4&#8243; _module_preset=&#8220;default&#8220; global_colors_info=&#8220;{}&#8220;][et_pb_column_inner saved_specialty_column_type=&#8220;1_2&#8243; _builder_version=&#8220;4.27.4&#8243; _module_preset=&#8220;default&#8220; global_colors_info=&#8220;{}&#8220;][et_pb_text _builder_version=&#8220;4.27.4&#8243; _module_preset=&#8220;default&#8220; global_colors_info=&#8220;{}&#8220;]<\/p>\n<p>Das Referat beleuchtet das Thema <strong>Generative K\u00fcnstliche Intelligenz<\/strong> (genAI) und die Frage, ob Sam Altman (CEO OpenAI) damit eine &#8222;<strong>B\u00fcchse der Pandora<\/strong>&#8220; ge\u00f6ffnet hat.<\/p>\n<p>Generative KI wird als \u201eThe Next (IT) Revolution\u201c und \u201eA Paradigm Shift in Programming!\u201c plakativ beschrieben. Sie nutzt Fortschritte im Deep Learning, um vielf\u00e4ltige Inhalte wie Text, Grafiken, Audio und Video in grossem Massstab zu produzieren. Die Klassifizierung von KI unterscheidet dabei zwischen schwacher\/enger KI (Narrow AI), starker\/allgemeiner KI (General AI) und Super KI, die jeweils unterschiedliche F\u00e4higkeitsstufen in der Probleml\u00f6sung oder Intelligenz darstellen. Die <strong>Geschichte der K\u00fcnstlichen Intelligenz<\/strong> umfasst 70 Jahre mit &#8222;Hochs und Tiefs&#8220;, darunter &#8222;The Imitation Game&#8220; (1950) von A.M. Turing und die Dartmouth Conference (1956), sowie zwei &#8222;AI Winter&#8220;.Yoshua Bengio, Geoffrey Hinton und Yann LeCun werden als &#8222;Fathers of Modern AI&#8220; erw\u00e4hnt, wobei\u00a0 Yann LeCun betont, dass die kl\u00fcgsten KI-Systeme heute noch weniger gesunden Menschenverstand haben als eine Hauskatze.<\/p>\n<p>Ein Schwerpunkt des Referates liegt auf den sog. <strong>Large Language Models<\/strong> wie ChatGPT, die eine breite Palette von Natural Language Processing (NLP)-Anwendungen verarbeiten k\u00f6nnen. LLMs sind jedoch keine Wahrheitsmaschinen, sondern Wahrscheinlichkeitsmodelle, die auf umfangreichen Trainingsdaten und menschlichem Feedback basieren und kontinuierlich weiterentwickelt werden.<br \/>Als Anwendungsbeispiele werden illustriert, die <strong>Bilderstellung<\/strong> (Von Text zu Bild, z.B. DALL-E, Stable Diffusion), die <strong>Texterstellung<\/strong> (Konversation, Frage &amp; Antwort, Textgenerierung und Textzusammenfassung , z.B. ChatGPT, Bard), die <strong>Programmierung<\/strong> (Unterst\u00fctzung beim Codieren und Korrigieren, z.B. ChatGPT).\u00a0Fragen zu geistigem Eigentum (<strong>Intellectual Property<\/strong>) und Urheberrecht (<strong>Copyright<\/strong>) werden ebenso\u00a0 aufgeworfen und diskutiert.<\/p>\n<p>Das Referat schliesst mit einem Zitat von\u00a0Alan Mathison Turing: &#8222;<strong>We can see only a short distance ahead, but we can see that much remains to be done<\/strong>&#8222;.<\/p>\n<p>[\/et_pb_text][\/et_pb_column_inner][\/et_pb_row_inner][\/et_pb_column][\/et_pb_section][et_pb_section fb_built=&#8220;1&#8243; _builder_version=&#8220;4.27.4&#8243; _module_preset=&#8220;default&#8220; min_height=&#8220;46px&#8220; height=&#8220;102px&#8220; max_height=&#8220;100px&#8220; custom_margin=&#8220;0px||0px||false|false&#8220; custom_padding=&#8220;0px||16px|||&#8220; global_colors_info=&#8220;{}&#8220;][et_pb_row _builder_version=&#8220;4.27.4&#8243; _module_preset=&#8220;default&#8220; global_colors_info=&#8220;{}&#8220;][et_pb_column type=&#8220;4_4&#8243; _builder_version=&#8220;4.27.4&#8243; _module_preset=&#8220;default&#8220; global_colors_info=&#8220;{}&#8220;][et_pb_divider _builder_version=&#8220;4.27.4&#8243; _module_preset=&#8220;default&#8220; global_colors_info=&#8220;{}&#8220;][\/et_pb_divider][\/et_pb_column][\/et_pb_row][\/et_pb_section][et_pb_section fb_built=&#8220;1&#8243; specialty=&#8220;on&#8220; _builder_version=&#8220;4.27.4&#8243; _module_preset=&#8220;default&#8220; global_colors_info=&#8220;{}&#8220;][et_pb_column type=&#8220;1_2&#8243; _builder_version=&#8220;4.16&#8243; custom_padding=&#8220;|||&#8220; global_colors_info=&#8220;{}&#8220; custom_padding__hover=&#8220;|||&#8220;][et_pb_image src=&#8220;https:\/\/sawubona.ch\/wp-content\/uploads\/2025\/08\/BPW-Rapperswil-Blockchain-dr.-daniel-benninger-15.05.2023.png&#8220; alt=&#8220;BPW Rapperswil &#8211; Blockchain&#8220; title_text=&#8220;BPW Rapperswil &#8211; Blockchain &#8211; dr. daniel benninger &#8211; 15.05.2023&#8243; _builder_version=&#8220;4.27.4&#8243; _dynamic_attributes=&#8220;url&#8220; _module_preset=&#8220;default&#8220; global_colors_info=&#8220;{}&#8220;][\/et_pb_image][et_pb_divider _builder_version=&#8220;4.27.4&#8243; _module_preset=&#8220;default&#8220; global_colors_info=&#8220;{}&#8220;][\/et_pb_divider][et_pb_text _builder_version=&#8220;4.27.4&#8243; _module_preset=&#8220;default&#8220; hover_enabled=&#8220;0&#8243; global_colors_info=&#8220;{}&#8220; sticky_enabled=&#8220;0&#8243;]<\/p>\n<p><strong>Quelle:<\/strong> <a href=\"https:\/\/sawubona.ch\/wp-content\/uploads\/2025\/08\/BPW-Rapperswil-Blockchain-dr.-daniel-benninger-15.05.2023.pdf\" target=\"_blank\" rel=\"noopener\">Handouts zum Referat am BPW Rapperswil\u00a0 von Dr. Daniel Benninger, Sawubona GmbH Bern &amp; Hochschule Luzern<\/a><\/p>\n<p><strong>Datum der Pr\u00e4sentation:<\/strong> 15. Mai 2023<\/p>\n<p>[\/et_pb_text][et_pb_divider _builder_version=&#8220;4.27.4&#8243; _module_preset=&#8220;default&#8220; global_colors_info=&#8220;{}&#8220;][\/et_pb_divider][et_pb_testimonial author=&#8220;Dr. Daniel Benninger&#8220; portrait_url=&#8220;https:\/\/sawubona.ch\/wp-content\/uploads\/2025\/08\/vladimir-nikolic-wMcpdFUz5wY-unsplash-scaled.png&#8220; _builder_version=&#8220;4.27.4&#8243; _module_preset=&#8220;default&#8220; background_color=&#8220;#8A912C&#8220; global_colors_info=&#8220;{}&#8220;]<\/p>\n<p><span style=\"color: #ffffff;\">Blockchain-Technologien wie Smart Contracts und NFTs sind ein Muss f\u00fcr die Digitalwirtschaft und k\u00f6nnen durch Dezentralisierung, Transparenz und Manipulationssicherheit signifikanten Mehrwert schaffen<\/span><\/p>\n<p>[\/et_pb_testimonial][\/et_pb_column][et_pb_column type=&#8220;1_2&#8243; specialty_columns=&#8220;2&#8243; _builder_version=&#8220;4.16&#8243; custom_padding=&#8220;|||&#8220; global_colors_info=&#8220;{}&#8220; custom_padding__hover=&#8220;|||&#8220;][et_pb_row_inner _builder_version=&#8220;4.27.4&#8243; _module_preset=&#8220;default&#8220; global_colors_info=&#8220;{}&#8220;][et_pb_column_inner saved_specialty_column_type=&#8220;1_2&#8243; _builder_version=&#8220;4.27.4&#8243; _module_preset=&#8220;default&#8220; global_colors_info=&#8220;{}&#8220;][et_pb_text _builder_version=&#8220;4.27.4&#8243; _module_preset=&#8220;default&#8220; global_colors_info=&#8220;{}&#8220;]<\/p>\n<p>Das Referat am BPW Rapperswil <span _ngcontent-ng-c1234588942=\"\" data-start-index=\"0\" class=\"ng-star-inserted\">beleuchtet die Frage, ob <strong>Blockchain, Smart Contracts und Non-Fungible Tokens<\/strong> (NFTs) lediglich einen Hype darstellen oder einen <\/span><strong>echten Mehrwert f\u00fcr die Digitalwirtschaft<\/strong><span _ngcontent-ng-c1234588942=\"\" data-start-index=\"210\" class=\"ng-star-inserted\"> bietet.<\/span><\/p>\n<p>Die Blockchain-Technologie und der Bitcoin entstanden im Jahr 2009, massgeblich beeinflusst durch die Finanzkrise von 2008\/2009.\u00a0Eine Blockchain ist eine sog.\u00a0 <strong>Distributed Ledger Technology (DLT)<\/strong>, die sich durch mehrere spezifischs technische Eigenschaften auszeichnet.<\/p>\n<p>Ferner werden die Entwicklung und Marktkapitalisierung von <strong>Kryptow\u00e4hrungen<\/strong> wie Bitcoin (BTC) und Ether (ETH) thematisiert.<\/p>\n<p>Ein <strong>Non-Fungible Token (NFT)<\/strong> ist definiert als ein &#8222;kryptografisch eindeutiges, unteilbares, unersetzbares und \u00fcberpr\u00fcfbares Token, das einen bestimmten Gegenstand, sei er digital oder physisch, in einer Blockchain repr\u00e4sentiert. Im Gegensatz zu Kryptow\u00e4hrungen sind NFTs einmalig und nicht teilbar (&#8222;non-fungible&#8220;). Anwendungsbeispiele finden sich unter anderem in der digitalen Kunst.<\/p>\n<p><strong>Smart Contracts<\/strong> werden als Code auf einer Blockchain erkl\u00e4rt. Smart Contracts sind selbstausf\u00fchrende &#8222;Vertr\u00e4ge&#8220;, deren Bedingungen direkt im Code hinterlegt sind. Ein Beispiel ist etwa eine &#8222;Dutch Auction&#8220; f\u00fcr NFTs, bei der der Smart Contract den Preis \u00fcber die Zeit automatisch senkt, bis ein K\u00e4ufer das NFT erwirbt.<\/p>\n<p>[\/et_pb_text][\/et_pb_column_inner][\/et_pb_row_inner][\/et_pb_column][\/et_pb_section][et_pb_section fb_built=&#8220;1&#8243; _builder_version=&#8220;4.27.4&#8243; _module_preset=&#8220;default&#8220; min_height=&#8220;46px&#8220; height=&#8220;102px&#8220; max_height=&#8220;100px&#8220; custom_margin=&#8220;0px||0px||false|false&#8220; custom_padding=&#8220;0px||16px|||&#8220; global_colors_info=&#8220;{}&#8220;][et_pb_row _builder_version=&#8220;4.27.4&#8243; _module_preset=&#8220;default&#8220; global_colors_info=&#8220;{}&#8220;][et_pb_column type=&#8220;4_4&#8243; _builder_version=&#8220;4.27.4&#8243; _module_preset=&#8220;default&#8220; global_colors_info=&#8220;{}&#8220;][et_pb_divider _builder_version=&#8220;4.27.4&#8243; _module_preset=&#8220;default&#8220; global_colors_info=&#8220;{}&#8220;][\/et_pb_divider][\/et_pb_column][\/et_pb_row][\/et_pb_section][et_pb_section fb_built=&#8220;1&#8243; specialty=&#8220;on&#8220; _builder_version=&#8220;4.27.4&#8243; _module_preset=&#8220;default&#8220; global_colors_info=&#8220;{}&#8220;][et_pb_column type=&#8220;1_2&#8243; _builder_version=&#8220;4.16&#8243; custom_padding=&#8220;|||&#8220; global_colors_info=&#8220;{}&#8220; custom_padding__hover=&#8220;|||&#8220;][et_pb_image src=&#8220;https:\/\/sawubona.ch\/wp-content\/uploads\/2025\/07\/sawubona_OPACC-CampusTalk_20191113_DBenninger_v2b-Final.png&#8220; alt=&#8220;OPACC Campus Talk &#8211; 2019&#8243; title_text=&#8220;sawubona_OPACC-CampusTalk_20191113_DBenninger_v2b-Final&#8220; _builder_version=&#8220;4.27.4&#8243; _dynamic_attributes=&#8220;url&#8220; _module_preset=&#8220;default&#8220; global_colors_info=&#8220;{}&#8220;][\/et_pb_image][et_pb_divider _builder_version=&#8220;4.27.4&#8243; _module_preset=&#8220;default&#8220; global_colors_info=&#8220;{}&#8220;][\/et_pb_divider][et_pb_text _builder_version=&#8220;4.27.4&#8243; _module_preset=&#8220;default&#8220; global_colors_info=&#8220;{}&#8220;]<\/p>\n<p><strong>Quelle:<\/strong> <a href=\"https:\/\/sawubona.ch\/wp-content\/uploads\/2025\/07\/sawubona_OPACC-CampusTalk_20191113_DBenninger_v2b-Final.pdf\" target=\"_blank\" rel=\"noopener\">Handouts zum Referat am OPACC Campus Talk von Dr. Daniel Benninger, Sawubona GmbH Bern &amp; Hochschule Luzern<\/a><\/p>\n<p><strong>Datum der Pr\u00e4sentation:<\/strong> 13. November 2019<\/p>\n<p>[\/et_pb_text][et_pb_divider _builder_version=&#8220;4.27.4&#8243; _module_preset=&#8220;default&#8220; global_colors_info=&#8220;{}&#8220;][\/et_pb_divider][et_pb_testimonial author=&#8220;Dr. Daniel Benninger&#8220; portrait_url=&#8220;https:\/\/sawubona.ch\/wp-content\/uploads\/2025\/07\/m-cooper-vwIthdobS3o-unsplash.jpg&#8220; _builder_version=&#8220;4.27.4&#8243; _module_preset=&#8220;default&#8220; background_color=&#8220;#8A912C&#8220; global_colors_info=&#8220;{}&#8220;]<\/p>\n<p><span style=\"color: #ffffff;\">Die geschickte Nutzung von Daten ist nicht allein den grossen Unternehmen vorbehalten ist. Gerade kleine und mittlere Unternehmen (KMU) aufgrund ihrer Flexibilit\u00e4t und Pragmatik Vorteile aus Big Data ziehen k\u00f6nnen, um am Markt und bei ihren Kunden zu punkten. In a nutshell: &#8222;<strong>Big Data: Auch Kleine k\u00f6nnen Gross!<\/strong>&#8222;<\/span><\/p>\n<p>[\/et_pb_testimonial][\/et_pb_column][et_pb_column type=&#8220;1_2&#8243; specialty_columns=&#8220;2&#8243; _builder_version=&#8220;4.16&#8243; custom_padding=&#8220;|||&#8220; global_colors_info=&#8220;{}&#8220; custom_padding__hover=&#8220;|||&#8220;][et_pb_row_inner _builder_version=&#8220;4.27.4&#8243; _module_preset=&#8220;default&#8220; global_colors_info=&#8220;{}&#8220;][et_pb_column_inner saved_specialty_column_type=&#8220;1_2&#8243; _builder_version=&#8220;4.27.4&#8243; _module_preset=&#8220;default&#8220; global_colors_info=&#8220;{}&#8220;][et_pb_text _builder_version=&#8220;4.27.4&#8243; _module_preset=&#8220;default&#8220; global_colors_info=&#8220;{}&#8220;]<\/p>\n<p>Das Referat am OPACC Campus Talk thematisiert, wie auch \u00a0K<strong>leine und Mittlere Unternehmen (KMU)<\/strong> <strong>Vorteile aus Big Data ziehen k\u00f6nnen<\/strong>, um am Markt und bei ihren Kunden zu punkten.<\/p>\n<p>Big Data wird zun\u00e4chst als Informationsbestand definiert, welcher durch hohes <strong>Volumen, hohe Geschwindigkeit und\/oder hohe Vielfalt<\/strong> gekennzeichnet ist und innovative, kosteneffiziente Verarbeitungsmethoden erfordert, um verbesserte Einblicke, Entscheidungsfindung und Prozessautomatisierung zu erm\u00f6glichen. Die zentralen Eigenschaften werden oft mit den <strong>\u201e5 V\u2019s\u201c<\/strong> beschrieben.<\/p>\n<p>Die Diskussion \u00fcber die Notwendigkeit der Datenspeicherung und -komprimierung reicht bis 1967 zur\u00fcck. Der Begriff &#8222;<strong>Big Data<\/strong>&#8220; erschien erstmals 1999 in einer Ver\u00f6ffentlichung, und die \u201e3 V\u2019s\u201c (Volume, Velocity, Variety) wurden 2001 als definierende Dimensionen etabliert. Wichtige Meilensteine umfassen auch <strong>Studien wie die von McKinsey aus dem Jahr 2011<\/strong>, die Big Data als &#8222;die n\u00e4chste Grenze f\u00fcr Innovation, Wettbewerb und Produktivit\u00e4t&#8220; bezeichnete.<\/p>\n<p>F\u00fcr die Verarbeitung von Big Data werden zudem Schl\u00fcsselkonzepte wie <strong>Hadoop &amp; MapReduce<\/strong> als Teil eines umfassenden \u00d6kosystems vorgestellt. Weitere wichtige Unterscheidungen sind <strong>Scale Up vs. Scale Out<\/strong>, <strong>Schema on Read vs. Schema on Write<\/strong> und die Evolution von <strong>NoSQL vs. SQL<\/strong> Datenbanken.\u00a0<\/p>\n<p>Die Anwendung von Big Data erstreckt sich \u00fcber vielf\u00e4ltige Bereiche, von wissenschaftlichen Projekten wie dem <strong>Large Hadron Collider (CERN)<\/strong> und dem <strong>ALMA Observatory<\/strong> bis hin zu kommerziellen Anwendungen wie der <strong>FIFA World Cup 2018 (SRG\/Swiss TXT)<\/strong>, Suchmaschinen (Google) und Smartphones (Apple). Es wird illustriert, wie Big Data zur Transformation von Produkten und Operationen sowie zur Kundenbindung genutzt wird, beispielsweise durch <strong>Internet of Things (IoT), Machine Learning, Smart Metering, Predictive Maintenance, Text Analytics, Natural Language Processing (NLP)<\/strong> und <strong>Clickstream Analytics<\/strong>.<\/p>\n<p>&nbsp;<\/p>\n<p>[\/et_pb_text][\/et_pb_column_inner][\/et_pb_row_inner][\/et_pb_column][\/et_pb_section][et_pb_section fb_built=&#8220;1&#8243; _builder_version=&#8220;4.27.4&#8243; _module_preset=&#8220;default&#8220; min_height=&#8220;46px&#8220; height=&#8220;102px&#8220; max_height=&#8220;100px&#8220; custom_margin=&#8220;0px||0px||false|false&#8220; custom_padding=&#8220;0px||16px|||&#8220; global_colors_info=&#8220;{}&#8220;][et_pb_row _builder_version=&#8220;4.27.4&#8243; _module_preset=&#8220;default&#8220; global_colors_info=&#8220;{}&#8220;][et_pb_column type=&#8220;4_4&#8243; _builder_version=&#8220;4.27.4&#8243; _module_preset=&#8220;default&#8220; global_colors_info=&#8220;{}&#8220;][et_pb_divider _builder_version=&#8220;4.27.4&#8243; _module_preset=&#8220;default&#8220; global_colors_info=&#8220;{}&#8220;][\/et_pb_divider][\/et_pb_column][\/et_pb_row][\/et_pb_section][et_pb_section fb_built=&#8220;1&#8243; specialty=&#8220;on&#8220; _builder_version=&#8220;4.27.4&#8243; _module_preset=&#8220;default&#8220; global_colors_info=&#8220;{}&#8220;][et_pb_column type=&#8220;1_2&#8243; _builder_version=&#8220;4.16&#8243; custom_padding=&#8220;|||&#8220; global_colors_info=&#8220;{}&#8220; custom_padding__hover=&#8220;|||&#8220;][et_pb_image src=&#8220;https:\/\/sawubona.ch\/wp-content\/uploads\/2025\/07\/DanielBenninger_BIT-PL-Event_20191024_V1-e1753372543636.png&#8220; title_text=&#8220;DanielBenninger_BIT PL Event_20191024_V1&#8243; _builder_version=&#8220;4.27.4&#8243; _module_preset=&#8220;default&#8220; global_colors_info=&#8220;{}&#8220;][\/et_pb_image][et_pb_divider _builder_version=&#8220;4.27.4&#8243; _module_preset=&#8220;default&#8220; global_colors_info=&#8220;{}&#8220;][\/et_pb_divider][et_pb_text _builder_version=&#8220;4.27.4&#8243; _module_preset=&#8220;default&#8220; global_colors_info=&#8220;{}&#8220;]<\/p>\n<p><strong>Quelle:<\/strong> <a href=\"https:\/\/sawubona.ch\/wp-content\/uploads\/2025\/07\/sawubona_BIT-PL-Event_20191024_V1_DBenninger-handouts-2.pdf\" target=\"_blank\" rel=\"noopener\">Handouts zum Referat am BIT PL Event von Dr. Daniel Benninger, Sawubona GmbH Bern &amp; Hochschule Luzern<\/a><\/p>\n<p><strong>Datum der Pr\u00e4sentation:<\/strong> 24. Oktober 2019<\/p>\n<p>[\/et_pb_text][et_pb_divider _builder_version=&#8220;4.27.4&#8243; _module_preset=&#8220;default&#8220; global_colors_info=&#8220;{}&#8220;][\/et_pb_divider][et_pb_testimonial author=&#8220;Dr. Daniel Benninger&#8220; portrait_url=&#8220;https:\/\/sawubona.ch\/wp-content\/uploads\/2025\/07\/nathan-dumlao-PM6JdTUICPc-unsplash.jpg&#8220; _builder_version=&#8220;4.27.4&#8243; _module_preset=&#8220;default&#8220; background_color=&#8220;#8A912C&#8220; global_colors_info=&#8220;{}&#8220;]<\/p>\n<p><span style=\"color: #ffffff;\">KI ist wie ein <strong>digitaler Trainer<\/strong>, der uns nicht nur neue F\u00e4higkeiten beibringt, sondern auch hilft, unsere eigene F\u00e4higkeit zum Lernen zu verbessern, w\u00e4hrend wir gleichzeitig sicherstellen m\u00fcssen, dass dieser Trainer verantwortungsbewusst und zum Wohl der Menschen agiert.<\/span><\/p>\n<p>[\/et_pb_testimonial][\/et_pb_column][et_pb_column type=&#8220;1_2&#8243; specialty_columns=&#8220;2&#8243; _builder_version=&#8220;4.16&#8243; custom_padding=&#8220;|||&#8220; global_colors_info=&#8220;{}&#8220; custom_padding__hover=&#8220;|||&#8220;][et_pb_row_inner _builder_version=&#8220;4.27.4&#8243; _module_preset=&#8220;default&#8220; global_colors_info=&#8220;{}&#8220;][et_pb_column_inner saved_specialty_column_type=&#8220;1_2&#8243; _builder_version=&#8220;4.27.4&#8243; _module_preset=&#8220;default&#8220; global_colors_info=&#8220;{}&#8220;][et_pb_text _builder_version=&#8220;4.27.4&#8243; _module_preset=&#8220;default&#8220; global_colors_info=&#8220;{}&#8220;]<\/p>\n<p>Das Impulsreferat am PL Event des Bundesamtes f\u00fcr Informatik thematisiert, wie <strong>K\u00fcnstliche Intelligenz (KI) uns (wieder) dazu bef\u00e4higt, zu lernen<\/strong>.<\/p>\n<p>Zun\u00e4chst wird KI als die F\u00e4higkeit digitaler Computer oder Roboter definiert, Aufgaben auszuf\u00fchren, die typischerweise intelligenten Wesen zugeschrieben werden, welche sich an wechselnde Umst\u00e4nde anpassen k\u00f6nnen.\u00a0<\/p>\n<p>Das Referat erl\u00e4utert zun\u00e4chst drei Haupttypen von KI:<\/p>\n<ul>\n<li><strong>Schwache oder Enge KI (Narrow AI)<\/strong>: F\u00fchrt spezifische Aufgaben in einem eng definierten Bereich aus<\/li>\n<li><strong>Starke oder Allgemeine KI (General AI)<\/strong>: Besitzt allgemeine Probleml\u00f6sungsf\u00e4higkeiten \u00fcber verschiedene Bereiche hinweg (&#8222;Human Level AI&#8220;)<\/li>\n<li><strong>Super-KI<\/strong>: Maschinen \u00fcbertreffen menschliche Intelligenz in allen kognitiven Eigenschaften<\/li>\n<\/ul>\n<p>Anschliessend werden typische<strong> Anwendungsbereiche<\/strong> der KI aufgef\u00fchrt und erl\u00e4utert:<\/p>\n<ul>\n<li><strong>Maschinelles Lernen (ML)<\/strong>, inklusive k\u00fcnstlicher und tiefer neuronaler Netze (ANN, DNN)<\/li>\n<li><strong>Nat\u00fcrliche Sprachverarbeitung (NLP)<\/strong>, z.B. f\u00fcr Chatbots, digitale Assistenten und Textgeneratoren<\/li>\n<li><strong>Computer Vision<\/strong> zur Analyse von Bildern und Videos<\/li>\n<li><strong>Reinforcement Learning (RL)<\/strong>, angewendet in Spielen und Robotik<\/li>\n<\/ul>\n<p>Die <strong>Herausforderungen<\/strong> bei der Einf\u00fchrung von KI, insbesondere im \u00f6ffentlichen Sektor, umfassen etwa die folgenden Aspekte<\/p>\n<ul>\n<li>den effektiven Umgang mit Daten,<\/li>\n<li>notwendige KI-F\u00e4higkeiten,<\/li>\n<li>Zugang zu KI-\u00d6kosystemen,<\/li>\n<li>und &#8230; bestehende Kulturen und Beschaffungsmechanismen im \u00f6ffentlichen Sektor<\/li>\n<\/ul>\n<p>Zuk\u00fcnftige Herausforderungen beinhalten die Entwicklung von <strong>erkl\u00e4rbarer KI (Explainable AI)<\/strong>, <strong>sicherer KI (Safe AI)<\/strong> zum Schutz vor Angriffen, und <strong>ethischer KI (Ethical AI)<\/strong>, die sich mit gesellschaftlichen Auswirkungen wie autonomen Systemen\/Fahrzeugen oder der Zukunft der Arbeit befasst.<\/p>\n<p>Das \u00fcbergeordnete Ziel muss sein, KI so zu gestalten, dass sie unsere <strong>Menschlichkeit f\u00f6rdert und nicht mindert oder gar ersetzt<\/strong>.<\/p>\n<p>[\/et_pb_text][\/et_pb_column_inner][\/et_pb_row_inner][\/et_pb_column][\/et_pb_section]<\/p>\n","protected":false},"excerpt":{"rendered":"<p>Pr\u00e4sentationen &#8211; Referate &#8211; Vortr\u00e4geQuelle: Handouts zum Referat an der DECNet GV von Dr. Daniel Benninger, Sawubona GmbH Bern Datum der Pr\u00e4sentation: 14. Februar 2024Generative KI ist wie ein unglaublich versierter Imitator, der durch das Studium unz\u00e4hliger menschlicher Werke gelernt hat, \u00fcberzeugende neue Inhalte zu erschaffen \u2013 sei es Text, Bilder oder Code. Sie ist [&hellip;]<\/p>\n","protected":false},"author":1,"featured_media":0,"parent":150,"menu_order":1,"comment_status":"closed","ping_status":"closed","template":"","meta":{"_et_pb_use_builder":"on","_et_pb_old_content":"","_et_gb_content_width":"","iawp_total_views":21,"footnotes":""},"class_list":["post-305","page","type-page","status-publish","hentry"],"jetpack_sharing_enabled":true,"_links":{"self":[{"href":"https:\/\/sawubona.ch\/index.php?rest_route=\/wp\/v2\/pages\/305","targetHints":{"allow":["GET"]}}],"collection":[{"href":"https:\/\/sawubona.ch\/index.php?rest_route=\/wp\/v2\/pages"}],"about":[{"href":"https:\/\/sawubona.ch\/index.php?rest_route=\/wp\/v2\/types\/page"}],"author":[{"embeddable":true,"href":"https:\/\/sawubona.ch\/index.php?rest_route=\/wp\/v2\/users\/1"}],"replies":[{"embeddable":true,"href":"https:\/\/sawubona.ch\/index.php?rest_route=%2Fwp%2Fv2%2Fcomments&post=305"}],"version-history":[{"count":10,"href":"https:\/\/sawubona.ch\/index.php?rest_route=\/wp\/v2\/pages\/305\/revisions"}],"predecessor-version":[{"id":388,"href":"https:\/\/sawubona.ch\/index.php?rest_route=\/wp\/v2\/pages\/305\/revisions\/388"}],"up":[{"embeddable":true,"href":"https:\/\/sawubona.ch\/index.php?rest_route=\/wp\/v2\/pages\/150"}],"wp:attachment":[{"href":"https:\/\/sawubona.ch\/index.php?rest_route=%2Fwp%2Fv2%2Fmedia&parent=305"}],"curies":[{"name":"wp","href":"https:\/\/api.w.org\/{rel}","templated":true}]}}