{"id":14,"date":"2021-01-08T18:34:56","date_gmt":"2021-01-08T18:34:56","guid":{"rendered":"https:\/\/sawubona.ch\/?page_id=14"},"modified":"2025-07-25T15:44:58","modified_gmt":"2025-07-25T15:44:58","slug":"ueber-uns","status":"publish","type":"page","link":"https:\/\/sawubona.ch\/?page_id=14","title":{"rendered":"\u00dcber uns"},"content":{"rendered":"<p>[et_pb_section fb_built=&#8220;1&#8243; _builder_version=&#8220;4.16&#8243; global_colors_info=&#8220;{}&#8220;][et_pb_row _builder_version=&#8220;4.16&#8243; background_size=&#8220;initial&#8220; background_position=&#8220;top_left&#8220; background_repeat=&#8220;repeat&#8220; global_colors_info=&#8220;{}&#8220;][et_pb_column type=&#8220;4_4&#8243; _builder_version=&#8220;4.16&#8243; custom_padding=&#8220;|||&#8220; global_colors_info=&#8220;{}&#8220; custom_padding__hover=&#8220;|||&#8220;][et_pb_text _builder_version=&#8220;4.27.4&#8243; background_size=&#8220;initial&#8220; background_position=&#8220;top_left&#8220; background_repeat=&#8220;repeat&#8220; hover_enabled=&#8220;0&#8243; global_colors_info=&#8220;{}&#8220; sticky_enabled=&#8220;0&#8243;]<\/p>\n<p><!-- divi:paragraph --><\/p>\n<h2 style=\"text-align: left;\">Gemeinsam Neues denken.<\/h2>\n<p>Wir glauben, dass Innovation am besten in Zusammenarbeit entsteht. Deshalb f\u00f6rdern wir bei Sawubona ein Umfeld, in dem Ideen frei fliessen, Kreativit\u00e4t gedeiht und Teams gemeinsam nutzenstiftende L\u00f6sungen entwickeln.<\/p>\n<p>&nbsp;<\/p>\n<p><!-- \/divi:paragraph --><\/p>\n<p>[\/et_pb_text][et_pb_text _builder_version=&#8220;4.27.4&#8243; _module_preset=&#8220;default&#8220; text_text_color=&#8220;#8A912C&#8220; text_font_size=&#8220;24px&#8220; text_line_height=&#8220;1em&#8220; text_orientation=&#8220;center&#8220; hover_enabled=&#8220;0&#8243; sticky_enabled=&#8220;0&#8243;]<\/p>\n<p><strong>Collaborative &#8211; Innovative &#8211; Thinking<\/strong><\/p>\n<p>[\/et_pb_text][\/et_pb_column][\/et_pb_row][et_pb_row _builder_version=&#8220;4.27.0&#8243; _module_preset=&#8220;default&#8220; global_colors_info=&#8220;{}&#8220;][et_pb_column type=&#8220;4_4&#8243; _builder_version=&#8220;4.27.0&#8243; _module_preset=&#8220;default&#8220; global_colors_info=&#8220;{}&#8220;][et_pb_video src=&#8220;https:\/\/sawubona.ch\/wp-content\/uploads\/2024\/09\/Sawubona-logo-Collaborative-Innovative-Thinking-animated.mp4&#8243; _builder_version=&#8220;4.27.0&#8243; _module_preset=&#8220;default&#8220; global_colors_info=&#8220;{}&#8220;][\/et_pb_video][\/et_pb_column][\/et_pb_row][et_pb_row column_structure=&#8220;2_5,3_5&#8243; _builder_version=&#8220;4.27.4&#8243; _module_preset=&#8220;default&#8220; global_colors_info=&#8220;{}&#8220;][et_pb_column type=&#8220;2_5&#8243; _builder_version=&#8220;4.27.4&#8243; _module_preset=&#8220;default&#8220; global_colors_info=&#8220;{}&#8220;][et_pb_image src=&#8220;https:\/\/sawubona.ch\/wp-content\/uploads\/2025\/07\/Innovage-dbe-circle-croped-1-200&#215;300.png&#8220; alt=&#8220;DBE&#8220; title_text=&#8220;Innovage-dbe-circle-croped (1)&#8220; align=&#8220;center&#8220; _builder_version=&#8220;4.27.4&#8243; _module_preset=&#8220;default&#8220; global_colors_info=&#8220;{}&#8220;][\/et_pb_image][\/et_pb_column][et_pb_column type=&#8220;3_5&#8243; _builder_version=&#8220;4.27.4&#8243; _module_preset=&#8220;default&#8220; global_colors_info=&#8220;{}&#8220;][et_pb_text _builder_version=&#8220;4.27.4&#8243; _module_preset=&#8220;default&#8220; text_text_color=&#8220;#008196&#8243; text_font_size=&#8220;13px&#8220; text_line_height=&#8220;1.1em&#8220; width=&#8220;118.3%&#8220; custom_margin=&#8220;|||-110px||&#8220; custom_padding=&#8220;|||0px||&#8220; global_colors_info=&#8220;{}&#8220;]<\/p>\n<p><strong>Dr. Daniel Benninger<\/strong><\/p>\n<p data-id=\"lon70513a9sg\" data-pm-slice=\"1 1 []\">Ich bin Unternehmer, Berater, Vorstandsmitglied, Manager und Dozent mit breiter Erfahrung in IT, Governance und Compliance. Seit \u00fcber 40 Jahren leite ich Projekte in der ICT- oder Telekommunikationsbranche, in der Finanz- oder Versicherungsbranche sowie im \u00f6ffentlichen Sektor.<\/p>\n<p data-id=\"75mrhp13a9sg\">Zu meinen Schwerpunkten z\u00e4hlen L\u00f6sungsdesign, Innovation, Entwicklung von Unternehmensanwendungen, Informationssystemarchitektur sowie Projekt- und Programmmanagement. Ich verf\u00fcge \u00fcber umfassendes Know-how im Technologie- und Lebenszyklusmanagement und habe bei Transformationen sowie IT-Betriebsoptimierungen messbare Ergebnisse erzielt.<\/p>\n<p data-id=\"5iijqt13a9sg\">Ich zeichne mich durch analytische F\u00e4higkeiten und eine strukturierte Herangehensweise aus. Durch effektive Kommunikation und Verhandlung strebe ich gemeinsam mit Teams und Stakeholdern nachhaltige, wertsch\u00f6pfende L\u00f6sungen an, die Kundennutzen und unternehmerische Wertsch\u00f6pfung mit effizientem IT-Betrieb verbinden.<\/p>\n<p data-id=\"voiovl13a9sg\">Als Unternehmer kenne ich ebenso die Herausforderungen von kleinen und mittleren Unternehmen ode Start Ups. Nachweisbare Erfolge in strategischer Umsetzung und operativer Gesch\u00e4ftsleitung best\u00e4tigen meine Kompetenz.<\/p>\n<p data-id=\"fr966m13a9sg\">Ich bin engagierter Dozent mit breiter Erfahrung in Maschinellem Lernen, K\u00fcnstlicher Intelligenz, Data Science, Process Mining, Big Data u.a.m. Komplexe Themen versuche ich stets verst\u00e4ndlich zu vermitteln und Menschen f\u00fcr neue Technologien zu begeistern.<\/p>\n<p>[\/et_pb_text][\/et_pb_column][\/et_pb_row][\/et_pb_section]<\/p>\n","protected":false},"excerpt":{"rendered":"<p>Gemeinsam Neues denken. Wir glauben, dass Innovation am besten in Zusammenarbeit entsteht. Deshalb f\u00f6rdern wir bei Sawubona ein Umfeld, in dem Ideen frei fliessen, Kreativit\u00e4t gedeiht und Teams gemeinsam nutzenstiftende L\u00f6sungen entwickeln. &nbsp; Collaborative &#8211; Innovative &#8211; ThinkingDr. Daniel Benninger Ich bin Unternehmer, Berater, Vorstandsmitglied, Manager und Dozent mit breiter Erfahrung in IT, Governance und [&hellip;]<\/p>\n","protected":false},"author":1,"featured_media":0,"parent":13,"menu_order":0,"comment_status":"closed","ping_status":"closed","template":"","meta":{"_et_pb_use_builder":"on","_et_pb_old_content":"<!-- wp:paragraph -->\n<p>M\u00f6glicherweise bist du k\u00fcnstlerisch t\u00e4tig und m\u00f6chtest dich und deine Arbeiten hier vorstellen. Oder hast du vielleicht ein Business mit einer Mission, die es zu beschreiben gilt?<\/p>\n<!-- \/wp:paragraph -->","_et_gb_content_width":"","iawp_total_views":43,"footnotes":""},"class_list":["post-14","page","type-page","status-publish","hentry"],"jetpack_sharing_enabled":true,"_links":{"self":[{"href":"https:\/\/sawubona.ch\/index.php?rest_route=\/wp\/v2\/pages\/14","targetHints":{"allow":["GET"]}}],"collection":[{"href":"https:\/\/sawubona.ch\/index.php?rest_route=\/wp\/v2\/pages"}],"about":[{"href":"https:\/\/sawubona.ch\/index.php?rest_route=\/wp\/v2\/types\/page"}],"author":[{"embeddable":true,"href":"https:\/\/sawubona.ch\/index.php?rest_route=\/wp\/v2\/users\/1"}],"replies":[{"embeddable":true,"href":"https:\/\/sawubona.ch\/index.php?rest_route=%2Fwp%2Fv2%2Fcomments&post=14"}],"version-history":[{"count":5,"href":"https:\/\/sawubona.ch\/index.php?rest_route=\/wp\/v2\/pages\/14\/revisions"}],"predecessor-version":[{"id":366,"href":"https:\/\/sawubona.ch\/index.php?rest_route=\/wp\/v2\/pages\/14\/revisions\/366"}],"up":[{"embeddable":true,"href":"https:\/\/sawubona.ch\/index.php?rest_route=\/wp\/v2\/pages\/13"}],"wp:attachment":[{"href":"https:\/\/sawubona.ch\/index.php?rest_route=%2Fwp%2Fv2%2Fmedia&parent=14"}],"curies":[{"name":"wp","href":"https:\/\/api.w.org\/{rel}","templated":true}]}}